{"id":1107,"date":"2019-05-10T11:12:21","date_gmt":"2019-05-10T11:12:21","guid":{"rendered":"http:\/\/localhost\/themeforest\/themes\/marina\/demo\/?page_id=1107"},"modified":"2025-10-31T14:05:53","modified_gmt":"2025-10-31T17:05:53","slug":"promocoes-2","status":"publish","type":"page","link":"http:\/\/laferrugemsuites.com.br\/ferrugem\/promocoes-2\/","title":{"rendered":"PROMO\u00c7\u00d5ES"},"content":{"rendered":"<p>[vc_row css=&#8221;.vc_custom_1557594865644{margin-top: 60px !important;}&#8221;][vc_column] <h1 style=\"color:; padding:px; text-align:center; font-size:50px; line-height:px; letter-spacing: px; font-weight:lighter;\" class=\"  nd_options_font_size_40_important_all_iphone nd_options_line_height_40_important_all_iphone nd_options_first_font \">PROMO\u00c7\u00d5ES<\/h1> <div style=\"background-color:; height: 30px;\" class=\"nicdark_section  \"><\/div> <p style=\"color:; padding:px; text-align:center; font-size:px; line-height:px; letter-spacing: 2px; font-weight:lighter;\" class=\"   nd_options_second_font \">- CONHE\u00c7A NOSSAS OP\u00c7\u00d5ES -<\/p> [\/vc_column][\/vc_row][vc_row][vc_column][vc_wp_text]<br \/>\n<a href=\"https:\/\/laferrugemsuites.ibookingpms.com.br\/motor-de-reservas\/\" target=\"_blank\" rel=\"noopener\"><img loading=\"lazy\" decoding=\"async\" class=\"aligncenter wp-image-2062 size-medium\" src=\"http:\/\/laferrugemsuites.com.br\/ferrugem\/wp-content\/uploads\/2017\/06\/Reservar-300x77.png\" alt=\"\" width=\"300\" height=\"77\" srcset=\"http:\/\/laferrugemsuites.com.br\/ferrugem\/wp-content\/uploads\/2017\/06\/Reservar-300x77.png 300w, http:\/\/laferrugemsuites.com.br\/ferrugem\/wp-content\/uploads\/2017\/06\/Reservar.png 420w\" sizes=\"auto, (max-width: 300px) 100vw, 300px\" \/><\/a><\/p>\n<p>&nbsp;<\/p>\n<p><center><div class=\"nta_wa_button\" data-id=\"2061\" data-info=\"{&quot;name&quot;:&quot;Reservas em Espa\\u00f1ol&quot;,&quot;info&quot;:{&quot;number&quot;:&quot;59894259977&quot;,&quot;title&quot;:&quot;Reservas em Espa\\u00f1ol&quot;,&quot;predefinedText&quot;:&quot;&quot;,&quot;willBeBackText&quot;:&quot;I will be back in [njwa_time_work]&quot;,&quot;dayOffsText&quot;:&quot;I will be back soon&quot;,&quot;isAlwaysAvailable&quot;:&quot;ON&quot;,&quot;daysOfWeekWorking&quot;:{&quot;sunday&quot;:{&quot;isWorkingOnDay&quot;:&quot;OFF&quot;,&quot;workHours&quot;:[{&quot;startTime&quot;:&quot;08:00&quot;,&quot;endTime&quot;:&quot;17:30&quot;}]},&quot;monday&quot;:{&quot;isWorkingOnDay&quot;:&quot;OFF&quot;,&quot;workHours&quot;:[{&quot;startTime&quot;:&quot;08:00&quot;,&quot;endTime&quot;:&quot;17:30&quot;}]},&quot;tuesday&quot;:{&quot;isWorkingOnDay&quot;:&quot;OFF&quot;,&quot;workHours&quot;:[{&quot;startTime&quot;:&quot;08:00&quot;,&quot;endTime&quot;:&quot;17:30&quot;}]},&quot;wednesday&quot;:{&quot;isWorkingOnDay&quot;:&quot;OFF&quot;,&quot;workHours&quot;:[{&quot;startTime&quot;:&quot;08:00&quot;,&quot;endTime&quot;:&quot;17:30&quot;}]},&quot;thursday&quot;:{&quot;isWorkingOnDay&quot;:&quot;OFF&quot;,&quot;workHours&quot;:[{&quot;startTime&quot;:&quot;08:00&quot;,&quot;endTime&quot;:&quot;17:30&quot;}]},&quot;friday&quot;:{&quot;isWorkingOnDay&quot;:&quot;OFF&quot;,&quot;workHours&quot;:[{&quot;startTime&quot;:&quot;08:00&quot;,&quot;endTime&quot;:&quot;17:30&quot;}]},&quot;saturday&quot;:{&quot;isWorkingOnDay&quot;:&quot;OFF&quot;,&quot;workHours&quot;:[{&quot;startTime&quot;:&quot;08:00&quot;,&quot;endTime&quot;:&quot;17:30&quot;}]}}},&quot;styles&quot;:{&quot;type&quot;:&quot;square&quot;,&quot;backgroundColor&quot;:&quot;#2DB742&quot;,&quot;textColor&quot;:&quot;#fff&quot;,&quot;label&quot;:&quot;Escreva-nos no Whatsapp&quot;,&quot;width&quot;:300,&quot;height&quot;:64},&quot;avatar&quot;:false,&quot;options&quot;:{&quot;display&quot;:{&quot;displayCondition&quot;:&quot;excludePages&quot;,&quot;includePages&quot;:[],&quot;excludePages&quot;:[],&quot;showOnDesktop&quot;:&quot;ON&quot;,&quot;showOnMobile&quot;:&quot;ON&quot;,&quot;time_symbols&quot;:&quot;h:m&quot;},&quot;styles&quot;:{&quot;title&quot;:&quot;Whatsapp&quot;,&quot;responseText&quot;:&quot;A equipe normalmente responde em alguns minutos.&quot;,&quot;description&quot;:&quot;Oi! Clique em um de nossos membros abaixo para conversar no WhatsApp&quot;,&quot;backgroundColor&quot;:&quot;#2db742&quot;,&quot;textColor&quot;:&quot;#fff&quot;,&quot;scrollHeight&quot;:&quot;500&quot;,&quot;isShowScroll&quot;:&quot;OFF&quot;,&quot;isShowResponseText&quot;:&quot;OFF&quot;,&quot;isShowPoweredBy&quot;:&quot;ON&quot;,&quot;btnLabel&quot;:&quot;Envie-nos um &lt;strong&gt;Whatsapp&lt;\\\/strong&gt;&quot;,&quot;btnLabelWidth&quot;:&quot;152&quot;,&quot;btnPosition&quot;:&quot;right&quot;,&quot;btnLeftDistance&quot;:&quot;30&quot;,&quot;btnRightDistance&quot;:&quot;30&quot;,&quot;btnBottomDistance&quot;:&quot;30&quot;,&quot;isShowBtnLabel&quot;:&quot;ON&quot;,&quot;isShowGDPR&quot;:&quot;OFF&quot;,&quot;gdprContent&quot;:&quot;Please accept our &lt;a href=\\&quot;https:\\\/\\\/ninjateam.org\\\/privacy-policy\\\/\\&quot;&gt;privacy policy&lt;\\\/a&gt; first to start a conversation.&quot;},&quot;analytics&quot;:{&quot;enabledGoogle&quot;:&quot;OFF&quot;,&quot;enabledFacebook&quot;:&quot;OFF&quot;}},&quot;gdprStatus&quot;:false,&quot;defaultAvatar&quot;:&quot;http:\\\/\\\/laferrugemsuites.com.br\\\/ferrugem\\\/wp-content\\\/plugins\\\/wp-whatsapp\\\/assets\\\/img\\\/whatsapp_logo.svg&quot;}\"><\/div><\/center>&nbsp;<\/p>\n<p><center><div class=\"nta_wa_button\" data-id=\"2060\" data-info=\"{&quot;name&quot;:&quot;Reservas em Portugues&quot;,&quot;info&quot;:{&quot;number&quot;:&quot;5548991363814&quot;,&quot;title&quot;:&quot;Reservas em Portugues&quot;,&quot;predefinedText&quot;:&quot;&quot;,&quot;willBeBackText&quot;:&quot;I will be back in [njwa_time_work]&quot;,&quot;dayOffsText&quot;:&quot;I will be back soon&quot;,&quot;isAlwaysAvailable&quot;:&quot;ON&quot;,&quot;daysOfWeekWorking&quot;:{&quot;sunday&quot;:{&quot;isWorkingOnDay&quot;:&quot;OFF&quot;,&quot;workHours&quot;:[{&quot;startTime&quot;:&quot;08:00&quot;,&quot;endTime&quot;:&quot;17:30&quot;}]},&quot;monday&quot;:{&quot;isWorkingOnDay&quot;:&quot;OFF&quot;,&quot;workHours&quot;:[{&quot;startTime&quot;:&quot;08:00&quot;,&quot;endTime&quot;:&quot;17:30&quot;}]},&quot;tuesday&quot;:{&quot;isWorkingOnDay&quot;:&quot;OFF&quot;,&quot;workHours&quot;:[{&quot;startTime&quot;:&quot;08:00&quot;,&quot;endTime&quot;:&quot;17:30&quot;}]},&quot;wednesday&quot;:{&quot;isWorkingOnDay&quot;:&quot;OFF&quot;,&quot;workHours&quot;:[{&quot;startTime&quot;:&quot;08:00&quot;,&quot;endTime&quot;:&quot;17:30&quot;}]},&quot;thursday&quot;:{&quot;isWorkingOnDay&quot;:&quot;OFF&quot;,&quot;workHours&quot;:[{&quot;startTime&quot;:&quot;08:00&quot;,&quot;endTime&quot;:&quot;17:30&quot;}]},&quot;friday&quot;:{&quot;isWorkingOnDay&quot;:&quot;OFF&quot;,&quot;workHours&quot;:[{&quot;startTime&quot;:&quot;08:00&quot;,&quot;endTime&quot;:&quot;17:30&quot;}]},&quot;saturday&quot;:{&quot;isWorkingOnDay&quot;:&quot;OFF&quot;,&quot;workHours&quot;:[{&quot;startTime&quot;:&quot;08:00&quot;,&quot;endTime&quot;:&quot;17:30&quot;}]}}},&quot;styles&quot;:{&quot;type&quot;:&quot;square&quot;,&quot;backgroundColor&quot;:&quot;#2DB742&quot;,&quot;textColor&quot;:&quot;#fff&quot;,&quot;label&quot;:&quot;Escreva-nos no Whatsapp&quot;,&quot;width&quot;:300,&quot;height&quot;:64},&quot;avatar&quot;:false,&quot;options&quot;:{&quot;display&quot;:{&quot;displayCondition&quot;:&quot;excludePages&quot;,&quot;includePages&quot;:[],&quot;excludePages&quot;:[],&quot;showOnDesktop&quot;:&quot;ON&quot;,&quot;showOnMobile&quot;:&quot;ON&quot;,&quot;time_symbols&quot;:&quot;h:m&quot;},&quot;styles&quot;:{&quot;title&quot;:&quot;Whatsapp&quot;,&quot;responseText&quot;:&quot;A equipe normalmente responde em alguns minutos.&quot;,&quot;description&quot;:&quot;Oi! Clique em um de nossos membros abaixo para conversar no WhatsApp&quot;,&quot;backgroundColor&quot;:&quot;#2db742&quot;,&quot;textColor&quot;:&quot;#fff&quot;,&quot;scrollHeight&quot;:&quot;500&quot;,&quot;isShowScroll&quot;:&quot;OFF&quot;,&quot;isShowResponseText&quot;:&quot;OFF&quot;,&quot;isShowPoweredBy&quot;:&quot;ON&quot;,&quot;btnLabel&quot;:&quot;Envie-nos um &lt;strong&gt;Whatsapp&lt;\\\/strong&gt;&quot;,&quot;btnLabelWidth&quot;:&quot;152&quot;,&quot;btnPosition&quot;:&quot;right&quot;,&quot;btnLeftDistance&quot;:&quot;30&quot;,&quot;btnRightDistance&quot;:&quot;30&quot;,&quot;btnBottomDistance&quot;:&quot;30&quot;,&quot;isShowBtnLabel&quot;:&quot;ON&quot;,&quot;isShowGDPR&quot;:&quot;OFF&quot;,&quot;gdprContent&quot;:&quot;Please accept our &lt;a href=\\&quot;https:\\\/\\\/ninjateam.org\\\/privacy-policy\\\/\\&quot;&gt;privacy policy&lt;\\\/a&gt; first to start a conversation.&quot;},&quot;analytics&quot;:{&quot;enabledGoogle&quot;:&quot;OFF&quot;,&quot;enabledFacebook&quot;:&quot;OFF&quot;}},&quot;gdprStatus&quot;:false,&quot;defaultAvatar&quot;:&quot;http:\\\/\\\/laferrugemsuites.com.br\\\/ferrugem\\\/wp-content\\\/plugins\\\/wp-whatsapp\\\/assets\\\/img\\\/whatsapp_logo.svg&quot;}\"><\/div><\/center>\u00a0[\/vc_wp_text][\/vc_column][\/vc_row][vc_row equal_height=&#8221;yes&#8221; content_placement=&#8221;middle&#8221; css=&#8221;.vc_custom_1556702891283{margin-top: 50px !important;margin-bottom: 30px !important;}&#8221;][vc_column][vc_empty_space height=&#8221;30px&#8221;][vc_single_image image=&#8221;2104&#8243; img_size=&#8221;&#8221; alignment=&#8221;center&#8221; onclick=&#8221;custom_link&#8221; link=&#8221;http:\/\/laferrugemsuites.com.br\/ferrugem\/pousada-pet-friendly\/&#8221;][\/vc_column][\/vc_row][vc_row css=&#8221;.vc_custom_1557594865644{margin-top: 60px !important;}&#8221;][vc_column] <h1 style=\"color:; padding:px; text-align:center; font-size:50px; line-height:px; letter-spacing: px; font-weight:lighter;\" class=\"  nd_options_font_size_40_important_all_iphone nd_options_line_height_40_important_all_iphone nd_options_first_font \">Acomoda\u00e7\u00f5es<\/h1> <div style=\"background-color:; height: 30px;\" class=\"nicdark_section  \"><\/div> <p style=\"color:; padding:px; text-align:center; font-size:px; line-height:px; letter-spacing: 2px; font-weight:lighter;\" class=\"   nd_options_second_font \">- CONHE\u00c7A NOSSAS OP\u00c7\u00d5ES -<\/p> [\/vc_column][\/vc_row][vc_row css=&#8221;.vc_custom_1557594880678{margin-top: 25px !important;}&#8221;][vc_column width=&#8221;1\/2&#8243; css=&#8221;.vc_custom_1557490104259{padding-right: 0px !important;padding-left: 0px !important;}&#8221;]\n\n\t<script type=\"text\/javascript\">\n    \/\/<![CDATA[\n    \n    jQuery(document).ready(function() {\n\n      \/\/START masonry\n      jQuery(function ($) {\n        \n        \/\/Masonry\n    \t\tvar $nd_booking_masonry_content = $(\".nd_booking_masonry_content\").imagesLoaded( function() {\n    \t\t  \/\/ init Masonry after all images have loaded\n    \t\t  $nd_booking_masonry_content.masonry({\n    \t\t    itemSelector: \".nd_booking_masonry_item\"\n    \t\t  });\n    \t\t});\n\n      });\n      \/\/END masonry\n\n    });\n\n    \/\/]]>\n  <\/script>\n\n<div class=\"nd_booking_section nd_booking_masonry_content  \">\n\n<div id=\"nd_booking_archive_cpt_1_single_96\" class=\" nd_booking_rooms_component_l2 nd_booking_masonry_item nd_booking_width_100_percentage nd_booking_width_100_percentage_responsive\">\n\n    <div class=\"nd_booking_section nd_booking_padding_15 nd_booking_box_sizing_border_box\">\n\n        <div class=\"nd_booking_section nd_booking_border_1_solid_grey nd_booking_bg_white\">\n            \n            \n\n        <div class=\"nd_booking_section nd_booking_position_relative\">\n\n            <img decoding=\"async\" alt=\"\" class=\"nd_booking_section\" src=\"http:\/\/laferrugemsuites.com.br\/ferrugem\/wp-content\/uploads\/2017\/06\/la-ferrugem2021-Quarto-Std-Familia-4-1110x611.jpg\">\n\n            <div class=\"nd_booking_bg_greydark_alpha_gradient_3 nd_booking_position_absolute nd_booking_left_0 nd_booking_height_100_percentage nd_booking_width_100_percentage nd_booking_padding_30 nd_booking_box_sizing_border_box\">\n                <div class=\"nd_booking_position_absolute nd_booking_bottom_20\">\n                    <p class=\"nd_options_color_white nd_booking_margin_right_10 nd_booking_float_left nd_booking_font_size_11 nd_booking_letter_spacing_2 nd_booking_text_transform_uppercase\">La Ferrugem Suites<\/p><img decoding=\"async\" alt=\"\" class=\"nd_booking_margin_right_5 nd_booking_float_left\" width=\"10\" src=\"http:\/\/laferrugemsuites.com.br\/ferrugem\/wp-content\/plugins\/nd-booking\/addons\/visual\/rooms\/layout\/icon-star-full-white.svg\"><img decoding=\"async\" alt=\"\" class=\"nd_booking_margin_right_5 nd_booking_float_left\" width=\"10\" src=\"http:\/\/laferrugemsuites.com.br\/ferrugem\/wp-content\/plugins\/nd-booking\/addons\/visual\/rooms\/layout\/icon-star-full-white.svg\"><img decoding=\"async\" alt=\"\" class=\"nd_booking_margin_right_5 nd_booking_float_left\" width=\"10\" src=\"http:\/\/laferrugemsuites.com.br\/ferrugem\/wp-content\/plugins\/nd-booking\/addons\/visual\/rooms\/layout\/icon-star-full-white.svg\"><img decoding=\"async\" alt=\"\" class=\"nd_booking_margin_right_5 nd_booking_float_left\" width=\"10\" src=\"http:\/\/laferrugemsuites.com.br\/ferrugem\/wp-content\/plugins\/nd-booking\/addons\/visual\/rooms\/layout\/icon-star-full-white.svg\"><img decoding=\"async\" alt=\"\" class=\"nd_booking_margin_right_5 nd_booking_float_left\" width=\"10\" src=\"http:\/\/laferrugemsuites.com.br\/ferrugem\/wp-content\/plugins\/nd-booking\/addons\/visual\/rooms\/layout\/icon-star-full-white.svg\">\n                <\/div>\n            <\/div>\n\n        <\/div>\n\n\n    \n\n            <div class=\"nd_booking_section nd_booking_padding_30 nd_booking_box_sizing_border_box\">\n\n                <h1>Standard Familia<\/h1>\n                <div class=\"nd_booking_section nd_booking_height_10\"><\/div>\n\n                <div class=\"nd_booking_section\">\n                    <div class=\"nd_booking_display_table nd_booking_float_left\">\n                        <img decoding=\"async\" alt=\"\" class=\"nd_booking_margin_right_10 nd_booking_display_table_cell nd_booking_vertical_align_middle\" width=\"23\" src=\"http:\/\/laferrugemsuites.com.br\/ferrugem\/wp-content\/plugins\/nd-booking\/addons\/visual\/rooms\/layout\/icon-user-grey.svg\">\n                        <p class=\"  nd_booking_display_table_cell nd_booking_vertical_align_middle nd_booking_font_size_12 nd_booking_line_height_26\">4 CONVIDADOS<\/p>\n                        <img decoding=\"async\" alt=\"\" class=\"nd_booking_margin_right_10 nd_booking_margin_left_20 nd_booking_display_table_cell nd_booking_vertical_align_middle\" width=\"20\" src=\"http:\/\/laferrugemsuites.com.br\/ferrugem\/wp-content\/plugins\/nd-booking\/addons\/visual\/rooms\/layout\/icon-plan-grey.svg\">\n                        <p class=\"  nd_booking_display_table_cell nd_booking_vertical_align_middle nd_booking_font_size_12 nd_booking_line_height_26\">20 mts<\/p>\n                    <\/div>\n                <\/div> \n        \n                <div class=\"nd_booking_section nd_booking_height_20\"><\/div> \n                <p>Quarto de 20 metros com banheiro privativo, sacada, ventilador de teto, geladeira, cama de casal e um beliche. (Andar terreo)<\/p>\n                <div class=\"nd_booking_section nd_booking_height_20\"><\/div>\n                <a style=\"background-color: #6ab1bf;\" href=\"http:\/\/laferrugemsuites.com.br\/ferrugem\/rooms\/standard-familia\/\" class=\"nd_booking_padding_15_30_important nd_options_second_font_important nd_booking_border_radius_0_important nd_options_color_white nd_booking_cursor_pointer nd_booking_display_inline_block nd_booking_font_size_11 nd_booking_font_weight_bold nd_booking_letter_spacing_2\">RESERVA <span class=\"nd_booking_display_none_all_iphone\">AGORA<\/span> A PARTIR DE 140 R$<\/a>\n               \n            <\/div>\n        <\/div>\n\n    <\/div>\n\n<\/div><\/div>[\/vc_column][vc_column width=&#8221;1\/2&#8243; css=&#8221;.vc_custom_1557490109003{padding-right: 0px !important;padding-left: 0px !important;}&#8221;]\n\n\t<script type=\"text\/javascript\">\n    \/\/<![CDATA[\n    \n    jQuery(document).ready(function() {\n\n      \/\/START masonry\n      jQuery(function ($) {\n        \n        \/\/Masonry\n    \t\tvar $nd_booking_masonry_content = $(\".nd_booking_masonry_content\").imagesLoaded( function() {\n    \t\t  \/\/ init Masonry after all images have loaded\n    \t\t  $nd_booking_masonry_content.masonry({\n    \t\t    itemSelector: \".nd_booking_masonry_item\"\n    \t\t  });\n    \t\t});\n\n      });\n      \/\/END masonry\n\n    });\n\n    \/\/]]>\n  <\/script>\n\n<div class=\"nd_booking_section nd_booking_masonry_content  \">\n\n<div id=\"nd_booking_archive_cpt_1_single_93\" class=\" nd_booking_rooms_component_l3 nd_booking_masonry_item nd_booking_width_50_percentage nd_booking_float_left nd_booking_width_100_percentage_responsive\">\n\n    <div class=\"nd_booking_section nd_booking_padding_15 nd_booking_box_sizing_border_box\">\n\n        <div class=\"nd_booking_section nd_booking_border_1_solid_grey nd_booking_bg_white\">\n            \n            \n\n        <a href=\"http:\/\/laferrugemsuites.com.br\/ferrugem\/rooms\/solteiro-standard\/\">\n            <div class=\"nd_booking_section nd_booking_position_relative\">\n\n                <img decoding=\"async\" alt=\"\" class=\"nd_booking_section\" src=\"http:\/\/laferrugemsuites.com.br\/ferrugem\/wp-content\/uploads\/2017\/06\/la-ferrugem2021-Quarto-Std-Solteiro-720x720.jpg\">\n\n                <div class=\"nd_booking_bg_greydark_alpha_gradient_3 nd_booking_position_absolute nd_booking_left_0 nd_booking_height_100_percentage nd_booking_width_100_percentage nd_booking_padding_30 nd_booking_box_sizing_border_box\">\n                    <div class=\"nd_booking_position_absolute nd_booking_bottom_20\">\n\n\n                        <div class=\"nd_booking_display_table nd_booking_float_left\">\n                            <p class=\"nd_booking_display_table_cell nd_booking_padding_right_20 nd_booking_vertical_align_middle  nd_options_color_white nd_booking_margin_right_10  nd_booking_font_size_11 nd_booking_letter_spacing_2 nd_booking_text_transform_uppercase\">Solteiro Standard<\/p>\n                            <p style=\"background-color:#585f77;\" class=\"nd_booking_display_table_cell nd_booking_vertical_align_middle  nd_options_color_white  nd_booking_font_size_11 nd_booking_padding_3_5 nd_booking_letter_spacing_2 nd_booking_text_transform_uppercase\">A PARTIR DE 140 R$<\/p>\n                        <\/div>\n                        \n                    <\/div>\n                <\/div>\n\n            <\/div>\n        <\/a>\n\n\n    \n\n        <\/div>\n\n    <\/div>\n\n<\/div>\n\n<div id=\"nd_booking_archive_cpt_1_single_94\" class=\" nd_booking_rooms_component_l3 nd_booking_masonry_item nd_booking_width_50_percentage nd_booking_float_left nd_booking_width_100_percentage_responsive\">\n\n    <div class=\"nd_booking_section nd_booking_padding_15 nd_booking_box_sizing_border_box\">\n\n        <div class=\"nd_booking_section nd_booking_border_1_solid_grey nd_booking_bg_white\">\n            \n            \n\n        <a href=\"http:\/\/laferrugemsuites.com.br\/ferrugem\/rooms\/casal-deluxe\/\">\n            <div class=\"nd_booking_section nd_booking_position_relative\">\n\n                <img decoding=\"async\" alt=\"\" class=\"nd_booking_section\" src=\"http:\/\/laferrugemsuites.com.br\/ferrugem\/wp-content\/uploads\/2017\/06\/la-ferrugem2021-Quarto-Deluxe-6-720x720.jpg\">\n\n                <div class=\"nd_booking_bg_greydark_alpha_gradient_3 nd_booking_position_absolute nd_booking_left_0 nd_booking_height_100_percentage nd_booking_width_100_percentage nd_booking_padding_30 nd_booking_box_sizing_border_box\">\n                    <div class=\"nd_booking_position_absolute nd_booking_bottom_20\">\n\n\n                        <div class=\"nd_booking_display_table nd_booking_float_left\">\n                            <p class=\"nd_booking_display_table_cell nd_booking_padding_right_20 nd_booking_vertical_align_middle  nd_options_color_white nd_booking_margin_right_10  nd_booking_font_size_11 nd_booking_letter_spacing_2 nd_booking_text_transform_uppercase\">Casal Deluxe<\/p>\n                            <p style=\"background-color:#6ab1bf;\" class=\"nd_booking_display_table_cell nd_booking_vertical_align_middle  nd_options_color_white  nd_booking_font_size_11 nd_booking_padding_3_5 nd_booking_letter_spacing_2 nd_booking_text_transform_uppercase\">A PARTIR DE 180 R$<\/p>\n                        <\/div>\n                        \n                    <\/div>\n                <\/div>\n\n            <\/div>\n        <\/a>\n\n\n    \n\n        <\/div>\n\n    <\/div>\n\n<\/div>\n\n<div id=\"nd_booking_archive_cpt_1_single_95\" class=\" nd_booking_rooms_component_l3 nd_booking_masonry_item nd_booking_width_50_percentage nd_booking_float_left nd_booking_width_100_percentage_responsive\">\n\n    <div class=\"nd_booking_section nd_booking_padding_15 nd_booking_box_sizing_border_box\">\n\n        <div class=\"nd_booking_section nd_booking_border_1_solid_grey nd_booking_bg_white\">\n            \n            \n\n        <a href=\"http:\/\/laferrugemsuites.com.br\/ferrugem\/rooms\/familia-deluxe\/\">\n            <div class=\"nd_booking_section nd_booking_position_relative\">\n\n                <img decoding=\"async\" alt=\"\" class=\"nd_booking_section\" src=\"http:\/\/laferrugemsuites.com.br\/ferrugem\/wp-content\/uploads\/2017\/06\/Quarto-Familia-Deluxe-vista-Praia--720x720.jpeg\">\n\n                <div class=\"nd_booking_bg_greydark_alpha_gradient_3 nd_booking_position_absolute nd_booking_left_0 nd_booking_height_100_percentage nd_booking_width_100_percentage nd_booking_padding_30 nd_booking_box_sizing_border_box\">\n                    <div class=\"nd_booking_position_absolute nd_booking_bottom_20\">\n\n\n                        <div class=\"nd_booking_display_table nd_booking_float_left\">\n                            <p class=\"nd_booking_display_table_cell nd_booking_padding_right_20 nd_booking_vertical_align_middle  nd_options_color_white nd_booking_margin_right_10  nd_booking_font_size_11 nd_booking_letter_spacing_2 nd_booking_text_transform_uppercase\">Fam\u00edlia Deluxe<\/p>\n                            <p style=\"background-color:#6ab1bf;\" class=\"nd_booking_display_table_cell nd_booking_vertical_align_middle  nd_options_color_white  nd_booking_font_size_11 nd_booking_padding_3_5 nd_booking_letter_spacing_2 nd_booking_text_transform_uppercase\">A PARTIR DE 180 R$<\/p>\n                        <\/div>\n                        \n                    <\/div>\n                <\/div>\n\n            <\/div>\n        <\/a>\n\n\n    \n\n        <\/div>\n\n    <\/div>\n\n<\/div>\n\n<div id=\"nd_booking_archive_cpt_1_single_96\" class=\" nd_booking_rooms_component_l3 nd_booking_masonry_item nd_booking_width_50_percentage nd_booking_float_left nd_booking_width_100_percentage_responsive\">\n\n    <div class=\"nd_booking_section nd_booking_padding_15 nd_booking_box_sizing_border_box\">\n\n        <div class=\"nd_booking_section nd_booking_border_1_solid_grey nd_booking_bg_white\">\n            \n            \n\n        <a href=\"http:\/\/laferrugemsuites.com.br\/ferrugem\/rooms\/standard-familia\/\">\n            <div class=\"nd_booking_section nd_booking_position_relative\">\n\n                <img decoding=\"async\" alt=\"\" class=\"nd_booking_section\" src=\"http:\/\/laferrugemsuites.com.br\/ferrugem\/wp-content\/uploads\/2017\/06\/la-ferrugem2021-Quarto-Std-Familia-4-720x720.jpg\">\n\n                <div class=\"nd_booking_bg_greydark_alpha_gradient_3 nd_booking_position_absolute nd_booking_left_0 nd_booking_height_100_percentage nd_booking_width_100_percentage nd_booking_padding_30 nd_booking_box_sizing_border_box\">\n                    <div class=\"nd_booking_position_absolute nd_booking_bottom_20\">\n\n\n                        <div class=\"nd_booking_display_table nd_booking_float_left\">\n                            <p class=\"nd_booking_display_table_cell nd_booking_padding_right_20 nd_booking_vertical_align_middle  nd_options_color_white nd_booking_margin_right_10  nd_booking_font_size_11 nd_booking_letter_spacing_2 nd_booking_text_transform_uppercase\">Standard Familia<\/p>\n                            <p style=\"background-color:#6ab1bf;\" class=\"nd_booking_display_table_cell nd_booking_vertical_align_middle  nd_options_color_white  nd_booking_font_size_11 nd_booking_padding_3_5 nd_booking_letter_spacing_2 nd_booking_text_transform_uppercase\">A PARTIR DE 140 R$<\/p>\n                        <\/div>\n                        \n                    <\/div>\n                <\/div>\n\n            <\/div>\n        <\/a>\n\n\n    \n\n        <\/div>\n\n    <\/div>\n\n<\/div><\/div>[\/vc_column][\/vc_row]<\/p>\n","protected":false},"excerpt":{"rendered":"<p>[vc_row css=&#8221;.vc_custom_1557594865644{margin-top: 60px !important;}&#8221;][vc_column][\/vc_column][\/vc_row][vc_row][vc_column][vc_wp_text] &nbsp; &nbsp; \u00a0[\/vc_wp_text][\/vc_column][\/vc_row][vc_row equal_height=&#8221;yes&#8221; content_placement=&#8221;middle&#8221; css=&#8221;.vc_custom_1556702891283{margin-top: 50px !important;margin-bottom: 30px !important;}&#8221;][vc_column][vc_empty_space height=&#8221;30px&#8221;][vc_single_image image=&#8221;2104&#8243; img_size=&#8221;&#8221; alignment=&#8221;center&#8221; onclick=&#8221;custom_link&#8221; link=&#8221;http:\/\/laferrugemsuites.com.br\/ferrugem\/pousada-pet-friendly\/&#8221;][\/vc_column][\/vc_row][vc_row css=&#8221;.vc_custom_1557594865644{margin-top: 60px !important;}&#8221;][vc_column][\/vc_column][\/vc_row][vc_row css=&#8221;.vc_custom_1557594880678{margin-top: 25px !important;}&#8221;][vc_column width=&#8221;1\/2&#8243; css=&#8221;.vc_custom_1557490104259{padding-right: 0px !important;padding-left: 0px !important;}&#8221;][\/vc_column][vc_column width=&#8221;1\/2&#8243; css=&#8221;.vc_custom_1557490109003{padding-right: 0px !important;padding-left: 0px !important;}&#8221;][\/vc_column][\/vc_row]<\/p>\n","protected":false},"author":1,"featured_media":0,"parent":0,"menu_order":0,"comment_status":"closed","ping_status":"closed","template":"","meta":{"footnotes":""},"class_list":["post-1107","page","type-page","status-publish","hentry"],"_links":{"self":[{"href":"http:\/\/laferrugemsuites.com.br\/ferrugem\/wp-json\/wp\/v2\/pages\/1107","targetHints":{"allow":["GET"]}}],"collection":[{"href":"http:\/\/laferrugemsuites.com.br\/ferrugem\/wp-json\/wp\/v2\/pages"}],"about":[{"href":"http:\/\/laferrugemsuites.com.br\/ferrugem\/wp-json\/wp\/v2\/types\/page"}],"author":[{"embeddable":true,"href":"http:\/\/laferrugemsuites.com.br\/ferrugem\/wp-json\/wp\/v2\/users\/1"}],"replies":[{"embeddable":true,"href":"http:\/\/laferrugemsuites.com.br\/ferrugem\/wp-json\/wp\/v2\/comments?post=1107"}],"version-history":[{"count":10,"href":"http:\/\/laferrugemsuites.com.br\/ferrugem\/wp-json\/wp\/v2\/pages\/1107\/revisions"}],"predecessor-version":[{"id":2138,"href":"http:\/\/laferrugemsuites.com.br\/ferrugem\/wp-json\/wp\/v2\/pages\/1107\/revisions\/2138"}],"wp:attachment":[{"href":"http:\/\/laferrugemsuites.com.br\/ferrugem\/wp-json\/wp\/v2\/media?parent=1107"}],"curies":[{"name":"wp","href":"https:\/\/api.w.org\/{rel}","templated":true}]}}