{"id":2008,"date":"2022-06-08T00:06:24","date_gmt":"2022-06-08T03:06:24","guid":{"rendered":"http:\/\/laferrugemsuites.com.br\/ferrugem\/?page_id=2008"},"modified":"2022-08-04T01:03:26","modified_gmt":"2022-08-04T04:03:26","slug":"a-pousada-laferrugem","status":"publish","type":"page","link":"http:\/\/laferrugemsuites.com.br\/ferrugem\/a-pousada-laferrugem\/","title":{"rendered":"A Pousada"},"content":{"rendered":"<p>[vc_row full_width=&#8221;stretch_row&#8221; content_placement=&#8221;middle&#8221; parallax=&#8221;content-moving&#8221; parallax_image=&#8221;1909&#8243; css=&#8221;.vc_custom_1654658784580{margin-top: 85px !important;padding-top: 110px !important;padding-bottom: 110px !important;}&#8221; el_class=&#8221;nd_options_vc_parallax_filter_2_5&#8243;][vc_column width=&#8221;1\/2&#8243;]<div style=\"background-color:; height: 10px;\" class=\"nicdark_section  \"><\/div> <h1 style=\"color:#ffffff; padding:px; text-align:; font-size:80px; line-height:px; letter-spacing: 2px; font-weight:lighter;\" class=\"  nd_options_font_size_40_important_all_iphone nd_options_first_font \">A Pousada<\/h1> <div style=\"background-color:; height: 40px;\" class=\"nicdark_section  \"><\/div> <p style=\"color:#ffffff; padding:px; text-align:; font-size:16px; line-height:25px; letter-spacing: 4px; font-weight:lighter;\" class=\"   nd_options_second_font \">Nossa pousada est\u00e1 localizada na querida e conhecida Praia da Ferrugem, no municipio de Garopaba no estado de Santa Catarina. Garopaba e a Cidade que mais cresceu em SC de 2010 at\u00e9 hoje.<\/p> <div style=\"background-color:; height: 30px;\" class=\"nicdark_section  \"><\/div>[\/vc_column][vc_column width=&#8221;1\/2&#8243; el_class=&#8221;nd_options_text_align_center&#8221;]<div style=\"background-color:; height: 10px;\" class=\"nicdark_section  \"><\/div><div style=\"background-color:; height: 10px;\" class=\"nicdark_section  \"><\/div>[\/vc_column][\/vc_row][vc_row css=&#8221;.vc_custom_1557594865644{margin-top: 60px !important;}&#8221;][vc_column width=&#8221;1\/6&#8243;][\/vc_column][vc_column width=&#8221;2\/3&#8243;][vc_video link=&#8221;https:\/\/www.youtube.com\/watch?v=PNGdp4nhYwg&#8221;][vc_single_image image=&#8221;2030&#8243; img_size=&#8221;full&#8221; alignment=&#8221;center&#8221;]<div style=\"background-color:; height: 20px;\" class=\"nicdark_section  \"><\/div>[vc_column_text]<\/p>\n<div style=\"text-align: center;\">Localiza\u00e7\u00e3o privilegiada na rua principal, na Estrada Geral da Ferrugem, <strong>na esquina com a Rua Arco-\u00edris, apenas a 100 metros da praia e 200 metros do centro comercial e da vida noturna do ver\u00e3o<\/strong>. Dispomos de 35 quartos, divididos em 3 diferentes categorias de acordo com o p\u00fablico: Familia, Casais ou Solteiros.<\/div>\n<p>[\/vc_column_text]<div style=\"background-color:; height: 20px;\" class=\"nicdark_section  \"><\/div>[vc_zigzag]<div style=\"background-color:; height: 90px;\" class=\"nicdark_section  \"><\/div>[\/vc_column][vc_column width=&#8221;1\/6&#8243;][\/vc_column][\/vc_row][vc_row][vc_column width=&#8221;1\/2&#8243;] <h1 style=\"color:; padding:px; text-align:; font-size:50px; line-height:px; letter-spacing: px; font-weight:lighter;\" class=\"  nd_options_font_size_40_important_all_iphone nd_options_line_height_40_important_all_iphone nd_options_first_font \">Nossos servi\u00e7os s\u00e3o<\/h1> <div style=\"background-color:; height: 20px;\" class=\"nicdark_section  \"><\/div> <p style=\"color:; padding:px; text-align:; font-size:px; line-height:px; letter-spacing: 2px; font-weight:lighter;\" class=\"   nd_options_second_font \">- Estamos abertos todo o ano -<\/p> <div style=\"background-color:; height: 30px;\" class=\"nicdark_section  \"><\/div>[vc_column_text]<\/p>\n<ul>\n<li><span style=\"font-weight: 400;\">Recep\u00e7\u00e3o 24 horas\u00a0<\/span><\/li>\n<li><span style=\"font-weight: 400;\">Estacionamento gratuito<\/span><\/li>\n<li><span style=\"font-weight: 400;\">\u00a0Wi-Fi de 200 mega em todos os setores,\u00a0<\/span><\/li>\n<li><span style=\"font-weight: 400;\">Bar de piscina durante a temporada de ver\u00e3o\u00a0<\/span><\/li>\n<li><span style=\"font-weight: 400;\">Piscina e sol\u00e1rium\u00a0<\/span><\/li>\n<li><span style=\"font-weight: 400;\">Churrasqueiras na \u00e1rea da piscina<\/span><\/li>\n<li><span style=\"font-weight: 400;\">\u00a0Sala de estar com sala de TV na recep\u00e7\u00e3o\u00a0<\/span><\/li>\n<li><span style=\"font-weight: 400;\">Cozinha comunit\u00e1ria.\u00a0<\/span><\/li>\n<li><span style=\"font-weight: 400;\">Quartos com TV e Ar Condicionado. (Categoria Deluxe)<\/span><\/li>\n<li><span style=\"font-weight: 400;\">\u00a0Todos os quartos com frigobar, ventilador de teto e varanda.<\/span><\/li>\n<li><span style=\"font-weight: 400;\">Len\u00e7\u00f3is e toalhas.\u00a0<\/span><\/li>\n<li><span style=\"font-weight: 400;\">Servi\u00e7os de limpeza e lavanderia (mediante solicita\u00e7\u00e3o).<\/span><\/li>\n<li><span style=\"font-weight: 400;\">\u00a0Todas as di\u00e1rias incluem caf\u00e9 da manh\u00e3 tipo buff\u00eat.\u00a0<\/span><\/li>\n<li><span style=\"font-weight: 400;\">Aceitamos Pets de pequeno porte (ver regras)<\/span><\/li>\n<\/ul>\n<p>[\/vc_column_text][vc_column_text]<a href=\"http:\/\/laferrugemsuites.com.br\/ferrugem\/pousada-pet-friendly\/\"><img loading=\"lazy\" decoding=\"async\" class=\"alignnone size-full wp-image-2069 aligncenter\" src=\"http:\/\/laferrugemsuites.com.br\/ferrugem\/wp-content\/uploads\/2022\/06\/PetFriendlyLF.png\" alt=\"\" width=\"271\" height=\"76\" \/><\/a>[\/vc_column_text][\/vc_column][vc_column width=&#8221;1\/2&#8243;]<div style=\"background-color:; height: 70px;\" class=\"nicdark_section  \"><\/div>[vc_single_image image=&#8221;1907&#8243; img_size=&#8221;full&#8221;][\/vc_column][\/vc_row][vc_row css=&#8221;.vc_custom_1557594865644{margin-top: 60px !important;}&#8221;][vc_column] <h1 style=\"color:; padding:px; text-align:center; font-size:50px; line-height:px; letter-spacing: px; font-weight:lighter;\" class=\"  nd_options_font_size_40_important_all_iphone nd_options_line_height_40_important_all_iphone nd_options_first_font \">NOSSOS QUARTOS<\/h1> <div style=\"background-color:; height: 30px;\" class=\"nicdark_section  \"><\/div> <p style=\"color:; padding:px; text-align:center; font-size:px; line-height:px; letter-spacing: 2px; font-weight:lighter;\" class=\"   nd_options_second_font \">- CONHEC\u00ca-LOS -<\/p> [\/vc_column][\/vc_row][vc_row css=&#8221;.vc_custom_1557594880678{margin-top: 25px !important;}&#8221;][vc_column width=&#8221;1\/2&#8243; css=&#8221;.vc_custom_1557490104259{padding-right: 0px !important;padding-left: 0px !important;}&#8221;]\n\n\t<script type=\"text\/javascript\">\n    \/\/<![CDATA[\n    \n    jQuery(document).ready(function() {\n\n      \/\/START masonry\n      jQuery(function ($) {\n        \n        \/\/Masonry\n    \t\tvar $nd_booking_masonry_content = $(\".nd_booking_masonry_content\").imagesLoaded( function() {\n    \t\t  \/\/ init Masonry after all images have loaded\n    \t\t  $nd_booking_masonry_content.masonry({\n    \t\t    itemSelector: \".nd_booking_masonry_item\"\n    \t\t  });\n    \t\t});\n\n      });\n      \/\/END masonry\n\n    });\n\n    \/\/]]>\n  <\/script>\n\n<div class=\"nd_booking_section nd_booking_masonry_content  \">\n\n<div id=\"nd_booking_archive_cpt_1_single_96\" class=\" nd_booking_rooms_component_l2 nd_booking_masonry_item nd_booking_width_100_percentage nd_booking_width_100_percentage_responsive\">\n\n    <div class=\"nd_booking_section nd_booking_padding_15 nd_booking_box_sizing_border_box\">\n\n        <div class=\"nd_booking_section nd_booking_border_1_solid_grey nd_booking_bg_white\">\n            \n            \n\n        <div class=\"nd_booking_section nd_booking_position_relative\">\n\n            <img decoding=\"async\" alt=\"\" class=\"nd_booking_section\" src=\"http:\/\/laferrugemsuites.com.br\/ferrugem\/wp-content\/uploads\/2017\/06\/la-ferrugem2021-Quarto-Std-Familia-4-1110x611.jpg\">\n\n            <div class=\"nd_booking_bg_greydark_alpha_gradient_3 nd_booking_position_absolute nd_booking_left_0 nd_booking_height_100_percentage nd_booking_width_100_percentage nd_booking_padding_30 nd_booking_box_sizing_border_box\">\n                <div class=\"nd_booking_position_absolute nd_booking_bottom_20\">\n                    <p class=\"nd_options_color_white nd_booking_margin_right_10 nd_booking_float_left nd_booking_font_size_11 nd_booking_letter_spacing_2 nd_booking_text_transform_uppercase\">La Ferrugem Suites<\/p><img decoding=\"async\" alt=\"\" class=\"nd_booking_margin_right_5 nd_booking_float_left\" width=\"10\" src=\"http:\/\/laferrugemsuites.com.br\/ferrugem\/wp-content\/plugins\/nd-booking\/addons\/visual\/rooms\/layout\/icon-star-full-white.svg\"><img decoding=\"async\" alt=\"\" class=\"nd_booking_margin_right_5 nd_booking_float_left\" width=\"10\" src=\"http:\/\/laferrugemsuites.com.br\/ferrugem\/wp-content\/plugins\/nd-booking\/addons\/visual\/rooms\/layout\/icon-star-full-white.svg\"><img decoding=\"async\" alt=\"\" class=\"nd_booking_margin_right_5 nd_booking_float_left\" width=\"10\" src=\"http:\/\/laferrugemsuites.com.br\/ferrugem\/wp-content\/plugins\/nd-booking\/addons\/visual\/rooms\/layout\/icon-star-full-white.svg\"><img decoding=\"async\" alt=\"\" class=\"nd_booking_margin_right_5 nd_booking_float_left\" width=\"10\" src=\"http:\/\/laferrugemsuites.com.br\/ferrugem\/wp-content\/plugins\/nd-booking\/addons\/visual\/rooms\/layout\/icon-star-full-white.svg\"><img decoding=\"async\" alt=\"\" class=\"nd_booking_margin_right_5 nd_booking_float_left\" width=\"10\" src=\"http:\/\/laferrugemsuites.com.br\/ferrugem\/wp-content\/plugins\/nd-booking\/addons\/visual\/rooms\/layout\/icon-star-full-white.svg\">\n                <\/div>\n            <\/div>\n\n        <\/div>\n\n\n    \n\n            <div class=\"nd_booking_section nd_booking_padding_30 nd_booking_box_sizing_border_box\">\n\n                <h1>Standard Familia<\/h1>\n                <div class=\"nd_booking_section nd_booking_height_10\"><\/div>\n\n                <div class=\"nd_booking_section\">\n                    <div class=\"nd_booking_display_table nd_booking_float_left\">\n                        <img decoding=\"async\" alt=\"\" class=\"nd_booking_margin_right_10 nd_booking_display_table_cell nd_booking_vertical_align_middle\" width=\"23\" src=\"http:\/\/laferrugemsuites.com.br\/ferrugem\/wp-content\/plugins\/nd-booking\/addons\/visual\/rooms\/layout\/icon-user-grey.svg\">\n                        <p class=\"  nd_booking_display_table_cell nd_booking_vertical_align_middle nd_booking_font_size_12 nd_booking_line_height_26\">4 CONVIDADOS<\/p>\n                        <img decoding=\"async\" alt=\"\" class=\"nd_booking_margin_right_10 nd_booking_margin_left_20 nd_booking_display_table_cell nd_booking_vertical_align_middle\" width=\"20\" src=\"http:\/\/laferrugemsuites.com.br\/ferrugem\/wp-content\/plugins\/nd-booking\/addons\/visual\/rooms\/layout\/icon-plan-grey.svg\">\n                        <p class=\"  nd_booking_display_table_cell nd_booking_vertical_align_middle nd_booking_font_size_12 nd_booking_line_height_26\">20 mts<\/p>\n                    <\/div>\n                <\/div> \n        \n                <div class=\"nd_booking_section nd_booking_height_20\"><\/div> \n                <p>Quarto de 20 metros com banheiro privativo, sacada, ventilador de teto, geladeira, cama de casal e um beliche. (Andar terreo)<\/p>\n                <div class=\"nd_booking_section nd_booking_height_20\"><\/div>\n                <a style=\"background-color: #6ab1bf;\" href=\"http:\/\/laferrugemsuites.com.br\/ferrugem\/rooms\/standard-familia\/\" class=\"nd_booking_padding_15_30_important nd_options_second_font_important nd_booking_border_radius_0_important nd_options_color_white nd_booking_cursor_pointer nd_booking_display_inline_block nd_booking_font_size_11 nd_booking_font_weight_bold nd_booking_letter_spacing_2\">RESERVA <span class=\"nd_booking_display_none_all_iphone\">AGORA<\/span> A PARTIR DE 140 R$<\/a>\n               \n            <\/div>\n        <\/div>\n\n    <\/div>\n\n<\/div><\/div>[\/vc_column][vc_column width=&#8221;1\/2&#8243; css=&#8221;.vc_custom_1557490109003{padding-right: 0px !important;padding-left: 0px !important;}&#8221;]\n\n\t<script type=\"text\/javascript\">\n    \/\/<![CDATA[\n    \n    jQuery(document).ready(function() {\n\n      \/\/START masonry\n      jQuery(function ($) {\n        \n        \/\/Masonry\n    \t\tvar $nd_booking_masonry_content = $(\".nd_booking_masonry_content\").imagesLoaded( function() {\n    \t\t  \/\/ init Masonry after all images have loaded\n    \t\t  $nd_booking_masonry_content.masonry({\n    \t\t    itemSelector: \".nd_booking_masonry_item\"\n    \t\t  });\n    \t\t});\n\n      });\n      \/\/END masonry\n\n    });\n\n    \/\/]]>\n  <\/script>\n\n<div class=\"nd_booking_section nd_booking_masonry_content  \">\n\n<div id=\"nd_booking_archive_cpt_1_single_93\" class=\" nd_booking_rooms_component_l3 nd_booking_masonry_item nd_booking_width_50_percentage nd_booking_float_left nd_booking_width_100_percentage_responsive\">\n\n    <div class=\"nd_booking_section nd_booking_padding_15 nd_booking_box_sizing_border_box\">\n\n        <div class=\"nd_booking_section nd_booking_border_1_solid_grey nd_booking_bg_white\">\n            \n            \n\n        <a href=\"http:\/\/laferrugemsuites.com.br\/ferrugem\/rooms\/solteiro-standard\/\">\n            <div class=\"nd_booking_section nd_booking_position_relative\">\n\n                <img decoding=\"async\" alt=\"\" class=\"nd_booking_section\" src=\"http:\/\/laferrugemsuites.com.br\/ferrugem\/wp-content\/uploads\/2017\/06\/la-ferrugem2021-Quarto-Std-Solteiro-720x720.jpg\">\n\n                <div class=\"nd_booking_bg_greydark_alpha_gradient_3 nd_booking_position_absolute nd_booking_left_0 nd_booking_height_100_percentage nd_booking_width_100_percentage nd_booking_padding_30 nd_booking_box_sizing_border_box\">\n                    <div class=\"nd_booking_position_absolute nd_booking_bottom_20\">\n\n\n                        <div class=\"nd_booking_display_table nd_booking_float_left\">\n                            <p class=\"nd_booking_display_table_cell nd_booking_padding_right_20 nd_booking_vertical_align_middle  nd_options_color_white nd_booking_margin_right_10  nd_booking_font_size_11 nd_booking_letter_spacing_2 nd_booking_text_transform_uppercase\">Solteiro Standard<\/p>\n                            <p style=\"background-color:#585f77;\" class=\"nd_booking_display_table_cell nd_booking_vertical_align_middle  nd_options_color_white  nd_booking_font_size_11 nd_booking_padding_3_5 nd_booking_letter_spacing_2 nd_booking_text_transform_uppercase\">A PARTIR DE 140 R$<\/p>\n                        <\/div>\n                        \n                    <\/div>\n                <\/div>\n\n            <\/div>\n        <\/a>\n\n\n    \n\n        <\/div>\n\n    <\/div>\n\n<\/div>\n\n<div id=\"nd_booking_archive_cpt_1_single_94\" class=\" nd_booking_rooms_component_l3 nd_booking_masonry_item nd_booking_width_50_percentage nd_booking_float_left nd_booking_width_100_percentage_responsive\">\n\n    <div class=\"nd_booking_section nd_booking_padding_15 nd_booking_box_sizing_border_box\">\n\n        <div class=\"nd_booking_section nd_booking_border_1_solid_grey nd_booking_bg_white\">\n            \n            \n\n        <a href=\"http:\/\/laferrugemsuites.com.br\/ferrugem\/rooms\/casal-deluxe\/\">\n            <div class=\"nd_booking_section nd_booking_position_relative\">\n\n                <img decoding=\"async\" alt=\"\" class=\"nd_booking_section\" src=\"http:\/\/laferrugemsuites.com.br\/ferrugem\/wp-content\/uploads\/2017\/06\/la-ferrugem2021-Quarto-Deluxe-6-720x720.jpg\">\n\n                <div class=\"nd_booking_bg_greydark_alpha_gradient_3 nd_booking_position_absolute nd_booking_left_0 nd_booking_height_100_percentage nd_booking_width_100_percentage nd_booking_padding_30 nd_booking_box_sizing_border_box\">\n                    <div class=\"nd_booking_position_absolute nd_booking_bottom_20\">\n\n\n                        <div class=\"nd_booking_display_table nd_booking_float_left\">\n                            <p class=\"nd_booking_display_table_cell nd_booking_padding_right_20 nd_booking_vertical_align_middle  nd_options_color_white nd_booking_margin_right_10  nd_booking_font_size_11 nd_booking_letter_spacing_2 nd_booking_text_transform_uppercase\">Casal Deluxe<\/p>\n                            <p style=\"background-color:#6ab1bf;\" class=\"nd_booking_display_table_cell nd_booking_vertical_align_middle  nd_options_color_white  nd_booking_font_size_11 nd_booking_padding_3_5 nd_booking_letter_spacing_2 nd_booking_text_transform_uppercase\">A PARTIR DE 180 R$<\/p>\n                        <\/div>\n                        \n                    <\/div>\n                <\/div>\n\n            <\/div>\n        <\/a>\n\n\n    \n\n        <\/div>\n\n    <\/div>\n\n<\/div>\n\n<div id=\"nd_booking_archive_cpt_1_single_95\" class=\" nd_booking_rooms_component_l3 nd_booking_masonry_item nd_booking_width_50_percentage nd_booking_float_left nd_booking_width_100_percentage_responsive\">\n\n    <div class=\"nd_booking_section nd_booking_padding_15 nd_booking_box_sizing_border_box\">\n\n        <div class=\"nd_booking_section nd_booking_border_1_solid_grey nd_booking_bg_white\">\n            \n            \n\n        <a href=\"http:\/\/laferrugemsuites.com.br\/ferrugem\/rooms\/familia-deluxe\/\">\n            <div class=\"nd_booking_section nd_booking_position_relative\">\n\n                <img decoding=\"async\" alt=\"\" class=\"nd_booking_section\" src=\"http:\/\/laferrugemsuites.com.br\/ferrugem\/wp-content\/uploads\/2017\/06\/Quarto-Familia-Deluxe-vista-Praia--720x720.jpeg\">\n\n                <div class=\"nd_booking_bg_greydark_alpha_gradient_3 nd_booking_position_absolute nd_booking_left_0 nd_booking_height_100_percentage nd_booking_width_100_percentage nd_booking_padding_30 nd_booking_box_sizing_border_box\">\n                    <div class=\"nd_booking_position_absolute nd_booking_bottom_20\">\n\n\n                        <div class=\"nd_booking_display_table nd_booking_float_left\">\n                            <p class=\"nd_booking_display_table_cell nd_booking_padding_right_20 nd_booking_vertical_align_middle  nd_options_color_white nd_booking_margin_right_10  nd_booking_font_size_11 nd_booking_letter_spacing_2 nd_booking_text_transform_uppercase\">Fam\u00edlia Deluxe<\/p>\n                            <p style=\"background-color:#6ab1bf;\" class=\"nd_booking_display_table_cell nd_booking_vertical_align_middle  nd_options_color_white  nd_booking_font_size_11 nd_booking_padding_3_5 nd_booking_letter_spacing_2 nd_booking_text_transform_uppercase\">A PARTIR DE 180 R$<\/p>\n                        <\/div>\n                        \n                    <\/div>\n                <\/div>\n\n            <\/div>\n        <\/a>\n\n\n    \n\n        <\/div>\n\n    <\/div>\n\n<\/div>\n\n<div id=\"nd_booking_archive_cpt_1_single_96\" class=\" nd_booking_rooms_component_l3 nd_booking_masonry_item nd_booking_width_50_percentage nd_booking_float_left nd_booking_width_100_percentage_responsive\">\n\n    <div class=\"nd_booking_section nd_booking_padding_15 nd_booking_box_sizing_border_box\">\n\n        <div class=\"nd_booking_section nd_booking_border_1_solid_grey nd_booking_bg_white\">\n            \n            \n\n        <a href=\"http:\/\/laferrugemsuites.com.br\/ferrugem\/rooms\/standard-familia\/\">\n            <div class=\"nd_booking_section nd_booking_position_relative\">\n\n                <img decoding=\"async\" alt=\"\" class=\"nd_booking_section\" src=\"http:\/\/laferrugemsuites.com.br\/ferrugem\/wp-content\/uploads\/2017\/06\/la-ferrugem2021-Quarto-Std-Familia-4-720x720.jpg\">\n\n                <div class=\"nd_booking_bg_greydark_alpha_gradient_3 nd_booking_position_absolute nd_booking_left_0 nd_booking_height_100_percentage nd_booking_width_100_percentage nd_booking_padding_30 nd_booking_box_sizing_border_box\">\n                    <div class=\"nd_booking_position_absolute nd_booking_bottom_20\">\n\n\n                        <div class=\"nd_booking_display_table nd_booking_float_left\">\n                            <p class=\"nd_booking_display_table_cell nd_booking_padding_right_20 nd_booking_vertical_align_middle  nd_options_color_white nd_booking_margin_right_10  nd_booking_font_size_11 nd_booking_letter_spacing_2 nd_booking_text_transform_uppercase\">Standard Familia<\/p>\n                            <p style=\"background-color:#6ab1bf;\" class=\"nd_booking_display_table_cell nd_booking_vertical_align_middle  nd_options_color_white  nd_booking_font_size_11 nd_booking_padding_3_5 nd_booking_letter_spacing_2 nd_booking_text_transform_uppercase\">A PARTIR DE 140 R$<\/p>\n                        <\/div>\n                        \n                    <\/div>\n                <\/div>\n\n            <\/div>\n        <\/a>\n\n\n    \n\n        <\/div>\n\n    <\/div>\n\n<\/div><\/div>[\/vc_column][\/vc_row][vc_row][vc_column]<div style=\"background-color:; height: 10px;\" class=\"nicdark_section  \"><\/div>[vc_btn title=&#8221;POLITICA DE CANCELAMENTO DE RESERVAS&#8221; align=&#8221;center&#8221; i_icon_fontawesome=&#8221;fas fa-info-circle&#8221; add_icon=&#8221;true&#8221; link=&#8221;url:http%3A%2F%2Flaferrugemsuites.com.br%2Fferrugem%2Fpolitica-de-cancelamientos-de-reservas%2F&#8221;]<div style=\"background-color:; height: 10px;\" class=\"nicdark_section  \"><\/div>[\/vc_column][\/vc_row]<\/p>\n","protected":false},"excerpt":{"rendered":"<p>[vc_row full_width=&#8221;stretch_row&#8221; content_placement=&#8221;middle&#8221; parallax=&#8221;content-moving&#8221; parallax_image=&#8221;1909&#8243; css=&#8221;.vc_custom_1654658784580{margin-top: 85px !important;padding-top: 110px !important;padding-bottom: 110px !important;}&#8221; el_class=&#8221;nd_options_vc_parallax_filter_2_5&#8243;][vc_column width=&#8221;1\/2&#8243;][\/vc_column][vc_column width=&#8221;1\/2&#8243; el_class=&#8221;nd_options_text_align_center&#8221;][\/vc_column][\/vc_row][vc_row css=&#8221;.vc_custom_1557594865644{margin-top: 60px !important;}&#8221;][vc_column width=&#8221;1\/6&#8243;][\/vc_column][vc_column width=&#8221;2\/3&#8243;][vc_video link=&#8221;https:\/\/www.youtube.com\/watch?v=PNGdp4nhYwg&#8221;][vc_single_image image=&#8221;2030&#8243; img_size=&#8221;full&#8221; alignment=&#8221;center&#8221;][vc_column_text] Localiza\u00e7\u00e3o privilegiada na rua principal, na Estrada Geral da Ferrugem, na esquina com a Rua Arco-\u00edris, apenas a 100 metros da praia e 200 metros do centro comercial e da [&hellip;]<\/p>\n","protected":false},"author":1,"featured_media":0,"parent":0,"menu_order":0,"comment_status":"closed","ping_status":"closed","template":"","meta":{"footnotes":""},"class_list":["post-2008","page","type-page","status-publish","hentry"],"_links":{"self":[{"href":"http:\/\/laferrugemsuites.com.br\/ferrugem\/wp-json\/wp\/v2\/pages\/2008","targetHints":{"allow":["GET"]}}],"collection":[{"href":"http:\/\/laferrugemsuites.com.br\/ferrugem\/wp-json\/wp\/v2\/pages"}],"about":[{"href":"http:\/\/laferrugemsuites.com.br\/ferrugem\/wp-json\/wp\/v2\/types\/page"}],"author":[{"embeddable":true,"href":"http:\/\/laferrugemsuites.com.br\/ferrugem\/wp-json\/wp\/v2\/users\/1"}],"replies":[{"embeddable":true,"href":"http:\/\/laferrugemsuites.com.br\/ferrugem\/wp-json\/wp\/v2\/comments?post=2008"}],"version-history":[{"count":32,"href":"http:\/\/laferrugemsuites.com.br\/ferrugem\/wp-json\/wp\/v2\/pages\/2008\/revisions"}],"predecessor-version":[{"id":2121,"href":"http:\/\/laferrugemsuites.com.br\/ferrugem\/wp-json\/wp\/v2\/pages\/2008\/revisions\/2121"}],"wp:attachment":[{"href":"http:\/\/laferrugemsuites.com.br\/ferrugem\/wp-json\/wp\/v2\/media?parent=2008"}],"curies":[{"name":"wp","href":"https:\/\/api.w.org\/{rel}","templated":true}]}}