{"id":2009,"date":"2022-06-08T00:34:22","date_gmt":"2022-06-08T03:34:22","guid":{"rendered":"http:\/\/laferrugemsuites.com.br\/ferrugem\/?page_id=2009"},"modified":"2022-06-08T00:39:00","modified_gmt":"2022-06-08T03:39:00","slug":"acomodacoes","status":"publish","type":"page","link":"http:\/\/laferrugemsuites.com.br\/ferrugem\/acomodacoes\/","title":{"rendered":"Acomoda\u00e7\u00f5es"},"content":{"rendered":"<p>[vc_row css=&#8221;.vc_custom_1557594865644{margin-top: 60px !important;}&#8221;][vc_column] <h1 style=\"color:; padding:px; text-align:center; font-size:50px; line-height:px; letter-spacing: px; font-weight:lighter;\" class=\"  nd_options_font_size_40_important_all_iphone nd_options_line_height_40_important_all_iphone nd_options_first_font \">Acomoda\u00e7\u00f5es<\/h1> <div style=\"background-color:; height: 30px;\" class=\"nicdark_section  \"><\/div> <p style=\"color:; padding:px; text-align:center; font-size:px; line-height:px; letter-spacing: 2px; font-weight:lighter;\" class=\"   nd_options_second_font \">- CONHE\u00c7A NOSSAS OP\u00c7\u00d5ES -<\/p> [\/vc_column][\/vc_row][vc_row css=&#8221;.vc_custom_1557594880678{margin-top: 25px !important;}&#8221;][vc_column width=&#8221;1\/6&#8243; css=&#8221;.vc_custom_1557490104259{padding-right: 0px !important;padding-left: 0px !important;}&#8221;][\/vc_column][vc_column width=&#8221;2\/3&#8243;]\n\n\t<script type=\"text\/javascript\">\n    \/\/<![CDATA[\n    \n    jQuery(document).ready(function() {\n\n      \/\/START masonry\n      jQuery(function ($) {\n        \n        \/\/Masonry\n    \t\tvar $nd_booking_masonry_content = $(\".nd_booking_masonry_content\").imagesLoaded( function() {\n    \t\t  \/\/ init Masonry after all images have loaded\n    \t\t  $nd_booking_masonry_content.masonry({\n    \t\t    itemSelector: \".nd_booking_masonry_item\"\n    \t\t  });\n    \t\t});\n\n      });\n      \/\/END masonry\n\n    });\n\n    \/\/]]>\n  <\/script>\n\n<div class=\"nd_booking_section nd_booking_masonry_content  \">\n\n<div id=\"nd_booking_archive_cpt_1_single_96\" class=\" nd_booking_rooms_component_l2 nd_booking_masonry_item nd_booking_width_100_percentage nd_booking_width_100_percentage_responsive\">\n\n    <div class=\"nd_booking_section nd_booking_padding_15 nd_booking_box_sizing_border_box\">\n\n        <div class=\"nd_booking_section nd_booking_border_1_solid_grey nd_booking_bg_white\">\n            \n            \n\n        <div class=\"nd_booking_section nd_booking_position_relative\">\n\n            <img decoding=\"async\" alt=\"\" class=\"nd_booking_section\" src=\"http:\/\/laferrugemsuites.com.br\/ferrugem\/wp-content\/uploads\/2017\/06\/la-ferrugem2021-Quarto-Std-Familia-4-1110x611.jpg\">\n\n            <div class=\"nd_booking_bg_greydark_alpha_gradient_3 nd_booking_position_absolute nd_booking_left_0 nd_booking_height_100_percentage nd_booking_width_100_percentage nd_booking_padding_30 nd_booking_box_sizing_border_box\">\n                <div class=\"nd_booking_position_absolute nd_booking_bottom_20\">\n                    <p class=\"nd_options_color_white nd_booking_margin_right_10 nd_booking_float_left nd_booking_font_size_11 nd_booking_letter_spacing_2 nd_booking_text_transform_uppercase\">La Ferrugem Suites<\/p><img decoding=\"async\" alt=\"\" class=\"nd_booking_margin_right_5 nd_booking_float_left\" width=\"10\" src=\"http:\/\/laferrugemsuites.com.br\/ferrugem\/wp-content\/plugins\/nd-booking\/addons\/visual\/rooms\/layout\/icon-star-full-white.svg\"><img decoding=\"async\" alt=\"\" class=\"nd_booking_margin_right_5 nd_booking_float_left\" width=\"10\" src=\"http:\/\/laferrugemsuites.com.br\/ferrugem\/wp-content\/plugins\/nd-booking\/addons\/visual\/rooms\/layout\/icon-star-full-white.svg\"><img decoding=\"async\" alt=\"\" class=\"nd_booking_margin_right_5 nd_booking_float_left\" width=\"10\" src=\"http:\/\/laferrugemsuites.com.br\/ferrugem\/wp-content\/plugins\/nd-booking\/addons\/visual\/rooms\/layout\/icon-star-full-white.svg\"><img decoding=\"async\" alt=\"\" class=\"nd_booking_margin_right_5 nd_booking_float_left\" width=\"10\" src=\"http:\/\/laferrugemsuites.com.br\/ferrugem\/wp-content\/plugins\/nd-booking\/addons\/visual\/rooms\/layout\/icon-star-full-white.svg\"><img decoding=\"async\" alt=\"\" class=\"nd_booking_margin_right_5 nd_booking_float_left\" width=\"10\" src=\"http:\/\/laferrugemsuites.com.br\/ferrugem\/wp-content\/plugins\/nd-booking\/addons\/visual\/rooms\/layout\/icon-star-full-white.svg\">\n                <\/div>\n            <\/div>\n\n        <\/div>\n\n\n    \n\n            <div class=\"nd_booking_section nd_booking_padding_30 nd_booking_box_sizing_border_box\">\n\n                <h1>Standard Familia<\/h1>\n                <div class=\"nd_booking_section nd_booking_height_10\"><\/div>\n\n                <div class=\"nd_booking_section\">\n                    <div class=\"nd_booking_display_table nd_booking_float_left\">\n                        <img decoding=\"async\" alt=\"\" class=\"nd_booking_margin_right_10 nd_booking_display_table_cell nd_booking_vertical_align_middle\" width=\"23\" src=\"http:\/\/laferrugemsuites.com.br\/ferrugem\/wp-content\/plugins\/nd-booking\/addons\/visual\/rooms\/layout\/icon-user-grey.svg\">\n                        <p class=\"  nd_booking_display_table_cell nd_booking_vertical_align_middle nd_booking_font_size_12 nd_booking_line_height_26\">4 CONVIDADOS<\/p>\n                        <img decoding=\"async\" alt=\"\" class=\"nd_booking_margin_right_10 nd_booking_margin_left_20 nd_booking_display_table_cell nd_booking_vertical_align_middle\" width=\"20\" src=\"http:\/\/laferrugemsuites.com.br\/ferrugem\/wp-content\/plugins\/nd-booking\/addons\/visual\/rooms\/layout\/icon-plan-grey.svg\">\n                        <p class=\"  nd_booking_display_table_cell nd_booking_vertical_align_middle nd_booking_font_size_12 nd_booking_line_height_26\">20 mts<\/p>\n                    <\/div>\n                <\/div> \n        \n                <div class=\"nd_booking_section nd_booking_height_20\"><\/div> \n                <p>Quarto de 20 metros com banheiro privativo, sacada, ventilador de teto, geladeira, cama de casal e um beliche. (Andar terreo)<\/p>\n                <div class=\"nd_booking_section nd_booking_height_20\"><\/div>\n                <a style=\"background-color: #6ab1bf;\" href=\"http:\/\/laferrugemsuites.com.br\/ferrugem\/rooms\/standard-familia\/\" class=\"nd_booking_padding_15_30_important nd_options_second_font_important nd_booking_border_radius_0_important nd_options_color_white nd_booking_cursor_pointer nd_booking_display_inline_block nd_booking_font_size_11 nd_booking_font_weight_bold nd_booking_letter_spacing_2\">RESERVA <span class=\"nd_booking_display_none_all_iphone\">AGORA<\/span> A PARTIR DE 140 R$<\/a>\n               \n            <\/div>\n        <\/div>\n\n    <\/div>\n\n<\/div>\n\n<div id=\"nd_booking_archive_cpt_1_single_95\" class=\" nd_booking_rooms_component_l2 nd_booking_masonry_item nd_booking_width_100_percentage nd_booking_width_100_percentage_responsive\">\n\n    <div class=\"nd_booking_section nd_booking_padding_15 nd_booking_box_sizing_border_box\">\n\n        <div class=\"nd_booking_section nd_booking_border_1_solid_grey nd_booking_bg_white\">\n            \n            \n\n        <div class=\"nd_booking_section nd_booking_position_relative\">\n\n            <img decoding=\"async\" alt=\"\" class=\"nd_booking_section\" src=\"http:\/\/laferrugemsuites.com.br\/ferrugem\/wp-content\/uploads\/2017\/06\/Quarto-Familia-Deluxe-vista-Praia--1110x611.jpeg\">\n\n            <div class=\"nd_booking_bg_greydark_alpha_gradient_3 nd_booking_position_absolute nd_booking_left_0 nd_booking_height_100_percentage nd_booking_width_100_percentage nd_booking_padding_30 nd_booking_box_sizing_border_box\">\n                <div class=\"nd_booking_position_absolute nd_booking_bottom_20\">\n                    <p class=\"nd_options_color_white nd_booking_margin_right_10 nd_booking_float_left nd_booking_font_size_11 nd_booking_letter_spacing_2 nd_booking_text_transform_uppercase\">La Ferrugem Suites<\/p><img decoding=\"async\" alt=\"\" class=\"nd_booking_margin_right_5 nd_booking_float_left\" width=\"10\" src=\"http:\/\/laferrugemsuites.com.br\/ferrugem\/wp-content\/plugins\/nd-booking\/addons\/visual\/rooms\/layout\/icon-star-full-white.svg\"><img decoding=\"async\" alt=\"\" class=\"nd_booking_margin_right_5 nd_booking_float_left\" width=\"10\" src=\"http:\/\/laferrugemsuites.com.br\/ferrugem\/wp-content\/plugins\/nd-booking\/addons\/visual\/rooms\/layout\/icon-star-full-white.svg\"><img decoding=\"async\" alt=\"\" class=\"nd_booking_margin_right_5 nd_booking_float_left\" width=\"10\" src=\"http:\/\/laferrugemsuites.com.br\/ferrugem\/wp-content\/plugins\/nd-booking\/addons\/visual\/rooms\/layout\/icon-star-full-white.svg\"><img decoding=\"async\" alt=\"\" class=\"nd_booking_margin_right_5 nd_booking_float_left\" width=\"10\" src=\"http:\/\/laferrugemsuites.com.br\/ferrugem\/wp-content\/plugins\/nd-booking\/addons\/visual\/rooms\/layout\/icon-star-full-white.svg\"><img decoding=\"async\" alt=\"\" class=\"nd_booking_margin_right_5 nd_booking_float_left\" width=\"10\" src=\"http:\/\/laferrugemsuites.com.br\/ferrugem\/wp-content\/plugins\/nd-booking\/addons\/visual\/rooms\/layout\/icon-star-full-white.svg\">\n                <\/div>\n            <\/div>\n\n        <\/div>\n\n\n    \n\n            <div class=\"nd_booking_section nd_booking_padding_30 nd_booking_box_sizing_border_box\">\n\n                <h1>Fam\u00edlia Deluxe<\/h1>\n                <div class=\"nd_booking_section nd_booking_height_10\"><\/div>\n\n                <div class=\"nd_booking_section\">\n                    <div class=\"nd_booking_display_table nd_booking_float_left\">\n                        <img decoding=\"async\" alt=\"\" class=\"nd_booking_margin_right_10 nd_booking_display_table_cell nd_booking_vertical_align_middle\" width=\"23\" src=\"http:\/\/laferrugemsuites.com.br\/ferrugem\/wp-content\/plugins\/nd-booking\/addons\/visual\/rooms\/layout\/icon-user-grey.svg\">\n                        <p class=\"  nd_booking_display_table_cell nd_booking_vertical_align_middle nd_booking_font_size_12 nd_booking_line_height_26\">4 CONVIDADOS<\/p>\n                        <img decoding=\"async\" alt=\"\" class=\"nd_booking_margin_right_10 nd_booking_margin_left_20 nd_booking_display_table_cell nd_booking_vertical_align_middle\" width=\"20\" src=\"http:\/\/laferrugemsuites.com.br\/ferrugem\/wp-content\/plugins\/nd-booking\/addons\/visual\/rooms\/layout\/icon-plan-grey.svg\">\n                        <p class=\"  nd_booking_display_table_cell nd_booking_vertical_align_middle nd_booking_font_size_12 nd_booking_line_height_26\">20 mts<\/p>\n                    <\/div>\n                <\/div> \n        \n                <div class=\"nd_booking_section nd_booking_height_20\"><\/div> \n                <p>Para 2, 3 ou 4 pessoas. Com banheiro privativo, sacada, ventilador de teto, geladeira, ar condicionado e TV, cama de solteiro e cama.<\/p>\n                <div class=\"nd_booking_section nd_booking_height_20\"><\/div>\n                <a style=\"background-color: #6ab1bf;\" href=\"http:\/\/laferrugemsuites.com.br\/ferrugem\/rooms\/familia-deluxe\/\" class=\"nd_booking_padding_15_30_important nd_options_second_font_important nd_booking_border_radius_0_important nd_options_color_white nd_booking_cursor_pointer nd_booking_display_inline_block nd_booking_font_size_11 nd_booking_font_weight_bold nd_booking_letter_spacing_2\">RESERVA <span class=\"nd_booking_display_none_all_iphone\">AGORA<\/span> A PARTIR DE 180 R$<\/a>\n               \n            <\/div>\n        <\/div>\n\n    <\/div>\n\n<\/div>\n\n<div id=\"nd_booking_archive_cpt_1_single_94\" class=\" nd_booking_rooms_component_l2 nd_booking_masonry_item nd_booking_width_100_percentage nd_booking_width_100_percentage_responsive\">\n\n    <div class=\"nd_booking_section nd_booking_padding_15 nd_booking_box_sizing_border_box\">\n\n        <div class=\"nd_booking_section nd_booking_border_1_solid_grey nd_booking_bg_white\">\n            \n            \n\n        <div class=\"nd_booking_section nd_booking_position_relative\">\n\n            <img decoding=\"async\" alt=\"\" class=\"nd_booking_section\" src=\"http:\/\/laferrugemsuites.com.br\/ferrugem\/wp-content\/uploads\/2017\/06\/la-ferrugem2021-Quarto-Deluxe-6-1110x611.jpg\">\n\n            <div class=\"nd_booking_bg_greydark_alpha_gradient_3 nd_booking_position_absolute nd_booking_left_0 nd_booking_height_100_percentage nd_booking_width_100_percentage nd_booking_padding_30 nd_booking_box_sizing_border_box\">\n                <div class=\"nd_booking_position_absolute nd_booking_bottom_20\">\n                    <p class=\"nd_options_color_white nd_booking_margin_right_10 nd_booking_float_left nd_booking_font_size_11 nd_booking_letter_spacing_2 nd_booking_text_transform_uppercase\">La Ferrugem Suites<\/p><img decoding=\"async\" alt=\"\" class=\"nd_booking_margin_right_5 nd_booking_float_left\" width=\"10\" src=\"http:\/\/laferrugemsuites.com.br\/ferrugem\/wp-content\/plugins\/nd-booking\/addons\/visual\/rooms\/layout\/icon-star-full-white.svg\"><img decoding=\"async\" alt=\"\" class=\"nd_booking_margin_right_5 nd_booking_float_left\" width=\"10\" src=\"http:\/\/laferrugemsuites.com.br\/ferrugem\/wp-content\/plugins\/nd-booking\/addons\/visual\/rooms\/layout\/icon-star-full-white.svg\"><img decoding=\"async\" alt=\"\" class=\"nd_booking_margin_right_5 nd_booking_float_left\" width=\"10\" src=\"http:\/\/laferrugemsuites.com.br\/ferrugem\/wp-content\/plugins\/nd-booking\/addons\/visual\/rooms\/layout\/icon-star-full-white.svg\"><img decoding=\"async\" alt=\"\" class=\"nd_booking_margin_right_5 nd_booking_float_left\" width=\"10\" src=\"http:\/\/laferrugemsuites.com.br\/ferrugem\/wp-content\/plugins\/nd-booking\/addons\/visual\/rooms\/layout\/icon-star-full-white.svg\"><img decoding=\"async\" alt=\"\" class=\"nd_booking_margin_right_5 nd_booking_float_left\" width=\"10\" src=\"http:\/\/laferrugemsuites.com.br\/ferrugem\/wp-content\/plugins\/nd-booking\/addons\/visual\/rooms\/layout\/icon-star-full-white.svg\">\n                <\/div>\n            <\/div>\n\n        <\/div>\n\n\n    \n\n            <div class=\"nd_booking_section nd_booking_padding_30 nd_booking_box_sizing_border_box\">\n\n                <h1>Casal Deluxe<\/h1>\n                <div class=\"nd_booking_section nd_booking_height_10\"><\/div>\n\n                <div class=\"nd_booking_section\">\n                    <div class=\"nd_booking_display_table nd_booking_float_left\">\n                        <img decoding=\"async\" alt=\"\" class=\"nd_booking_margin_right_10 nd_booking_display_table_cell nd_booking_vertical_align_middle\" width=\"23\" src=\"http:\/\/laferrugemsuites.com.br\/ferrugem\/wp-content\/plugins\/nd-booking\/addons\/visual\/rooms\/layout\/icon-user-grey.svg\">\n                        <p class=\"  nd_booking_display_table_cell nd_booking_vertical_align_middle nd_booking_font_size_12 nd_booking_line_height_26\">2 CONVIDADOS<\/p>\n                        <img decoding=\"async\" alt=\"\" class=\"nd_booking_margin_right_10 nd_booking_margin_left_20 nd_booking_display_table_cell nd_booking_vertical_align_middle\" width=\"20\" src=\"http:\/\/laferrugemsuites.com.br\/ferrugem\/wp-content\/plugins\/nd-booking\/addons\/visual\/rooms\/layout\/icon-plan-grey.svg\">\n                        <p class=\"  nd_booking_display_table_cell nd_booking_vertical_align_middle nd_booking_font_size_12 nd_booking_line_height_26\">25 mts<\/p>\n                    <\/div>\n                <\/div> \n        \n                <div class=\"nd_booking_section nd_booking_height_20\"><\/div> \n                <p>Para duas pessoas, quarto de 25 metros. Com banheiro privativo, sacada, ventilador de teto, geladeira, ar condicionado, TV, cama box de casal.<\/p>\n                <div class=\"nd_booking_section nd_booking_height_20\"><\/div>\n                <a style=\"background-color: #6ab1bf;\" href=\"http:\/\/laferrugemsuites.com.br\/ferrugem\/rooms\/casal-deluxe\/\" class=\"nd_booking_padding_15_30_important nd_options_second_font_important nd_booking_border_radius_0_important nd_options_color_white nd_booking_cursor_pointer nd_booking_display_inline_block nd_booking_font_size_11 nd_booking_font_weight_bold nd_booking_letter_spacing_2\">RESERVA <span class=\"nd_booking_display_none_all_iphone\">AGORA<\/span> A PARTIR DE 180 R$<\/a>\n               \n            <\/div>\n        <\/div>\n\n    <\/div>\n\n<\/div>\n\n<div id=\"nd_booking_archive_cpt_1_single_93\" class=\" nd_booking_rooms_component_l2 nd_booking_masonry_item nd_booking_width_100_percentage nd_booking_width_100_percentage_responsive\">\n\n    <div class=\"nd_booking_section nd_booking_padding_15 nd_booking_box_sizing_border_box\">\n\n        <div class=\"nd_booking_section nd_booking_border_1_solid_grey nd_booking_bg_white\">\n            \n            \n\n        <div class=\"nd_booking_section nd_booking_position_relative\">\n\n            <img decoding=\"async\" alt=\"\" class=\"nd_booking_section\" src=\"http:\/\/laferrugemsuites.com.br\/ferrugem\/wp-content\/uploads\/2017\/06\/la-ferrugem2021-Quarto-Std-Solteiro-1110x611.jpg\">\n\n            <div class=\"nd_booking_bg_greydark_alpha_gradient_3 nd_booking_position_absolute nd_booking_left_0 nd_booking_height_100_percentage nd_booking_width_100_percentage nd_booking_padding_30 nd_booking_box_sizing_border_box\">\n                <div class=\"nd_booking_position_absolute nd_booking_bottom_20\">\n                    <p class=\"nd_options_color_white nd_booking_margin_right_10 nd_booking_float_left nd_booking_font_size_11 nd_booking_letter_spacing_2 nd_booking_text_transform_uppercase\">La Ferrugem Suites<\/p><img decoding=\"async\" alt=\"\" class=\"nd_booking_margin_right_5 nd_booking_float_left\" width=\"10\" src=\"http:\/\/laferrugemsuites.com.br\/ferrugem\/wp-content\/plugins\/nd-booking\/addons\/visual\/rooms\/layout\/icon-star-full-white.svg\"><img decoding=\"async\" alt=\"\" class=\"nd_booking_margin_right_5 nd_booking_float_left\" width=\"10\" src=\"http:\/\/laferrugemsuites.com.br\/ferrugem\/wp-content\/plugins\/nd-booking\/addons\/visual\/rooms\/layout\/icon-star-full-white.svg\"><img decoding=\"async\" alt=\"\" class=\"nd_booking_margin_right_5 nd_booking_float_left\" width=\"10\" src=\"http:\/\/laferrugemsuites.com.br\/ferrugem\/wp-content\/plugins\/nd-booking\/addons\/visual\/rooms\/layout\/icon-star-full-white.svg\"><img decoding=\"async\" alt=\"\" class=\"nd_booking_margin_right_5 nd_booking_float_left\" width=\"10\" src=\"http:\/\/laferrugemsuites.com.br\/ferrugem\/wp-content\/plugins\/nd-booking\/addons\/visual\/rooms\/layout\/icon-star-full-white.svg\"><img decoding=\"async\" alt=\"\" class=\"nd_booking_margin_right_5 nd_booking_float_left\" width=\"10\" src=\"http:\/\/laferrugemsuites.com.br\/ferrugem\/wp-content\/plugins\/nd-booking\/addons\/visual\/rooms\/layout\/icon-star-full-white.svg\">\n                <\/div>\n            <\/div>\n\n        <\/div>\n\n\n    \n\n            <div class=\"nd_booking_section nd_booking_padding_30 nd_booking_box_sizing_border_box\">\n\n                <h1>Solteiro Standard<\/h1>\n                <div class=\"nd_booking_section nd_booking_height_10\"><\/div>\n\n                <div class=\"nd_booking_section\">\n                    <div class=\"nd_booking_display_table nd_booking_float_left\">\n                        <img decoding=\"async\" alt=\"\" class=\"nd_booking_margin_right_10 nd_booking_display_table_cell nd_booking_vertical_align_middle\" width=\"23\" src=\"http:\/\/laferrugemsuites.com.br\/ferrugem\/wp-content\/plugins\/nd-booking\/addons\/visual\/rooms\/layout\/icon-user-grey.svg\">\n                        <p class=\"  nd_booking_display_table_cell nd_booking_vertical_align_middle nd_booking_font_size_12 nd_booking_line_height_26\">4 CONVIDADOS<\/p>\n                        <img decoding=\"async\" alt=\"\" class=\"nd_booking_margin_right_10 nd_booking_margin_left_20 nd_booking_display_table_cell nd_booking_vertical_align_middle\" width=\"20\" src=\"http:\/\/laferrugemsuites.com.br\/ferrugem\/wp-content\/plugins\/nd-booking\/addons\/visual\/rooms\/layout\/icon-plan-grey.svg\">\n                        <p class=\"  nd_booking_display_table_cell nd_booking_vertical_align_middle nd_booking_font_size_12 nd_booking_line_height_26\">20 mts<\/p>\n                    <\/div>\n                <\/div> \n        \n                <div class=\"nd_booking_section nd_booking_height_20\"><\/div> \n                <p>Para 2,3 ou 4 pessoas, quarto com 20 metros, com dois beliches, banheiro privativo, sacada, ventilador de teto e Geladeira.<\/p>\n                <div class=\"nd_booking_section nd_booking_height_20\"><\/div>\n                <a style=\"background-color: #585f77;\" href=\"http:\/\/laferrugemsuites.com.br\/ferrugem\/rooms\/solteiro-standard\/\" class=\"nd_booking_padding_15_30_important nd_options_second_font_important nd_booking_border_radius_0_important nd_options_color_white nd_booking_cursor_pointer nd_booking_display_inline_block nd_booking_font_size_11 nd_booking_font_weight_bold nd_booking_letter_spacing_2\">RESERVA <span class=\"nd_booking_display_none_all_iphone\">AGORA<\/span> A PARTIR DE 140 R$<\/a>\n               \n            <\/div>\n        <\/div>\n\n    <\/div>\n\n<\/div><\/div>[\/vc_column][vc_column width=&#8221;1\/6&#8243;][\/vc_column][\/vc_row][vc_row][vc_column]<div style=\"background-color:; height: 150px;\" class=\"nicdark_section  \"><\/div>[\/vc_column][\/vc_row]<\/p>\n","protected":false},"excerpt":{"rendered":"<p>[vc_row css=&#8221;.vc_custom_1557594865644{margin-top: 60px !important;}&#8221;][vc_column][\/vc_column][\/vc_row][vc_row css=&#8221;.vc_custom_1557594880678{margin-top: 25px !important;}&#8221;][vc_column width=&#8221;1\/6&#8243; css=&#8221;.vc_custom_1557490104259{padding-right: 0px !important;padding-left: 0px !important;}&#8221;][\/vc_column][vc_column width=&#8221;2\/3&#8243;][\/vc_column][vc_column width=&#8221;1\/6&#8243;][\/vc_column][\/vc_row][vc_row][vc_column][\/vc_column][\/vc_row]<\/p>\n","protected":false},"author":1,"featured_media":0,"parent":0,"menu_order":0,"comment_status":"closed","ping_status":"closed","template":"","meta":{"footnotes":""},"class_list":["post-2009","page","type-page","status-publish","hentry"],"_links":{"self":[{"href":"http:\/\/laferrugemsuites.com.br\/ferrugem\/wp-json\/wp\/v2\/pages\/2009","targetHints":{"allow":["GET"]}}],"collection":[{"href":"http:\/\/laferrugemsuites.com.br\/ferrugem\/wp-json\/wp\/v2\/pages"}],"about":[{"href":"http:\/\/laferrugemsuites.com.br\/ferrugem\/wp-json\/wp\/v2\/types\/page"}],"author":[{"embeddable":true,"href":"http:\/\/laferrugemsuites.com.br\/ferrugem\/wp-json\/wp\/v2\/users\/1"}],"replies":[{"embeddable":true,"href":"http:\/\/laferrugemsuites.com.br\/ferrugem\/wp-json\/wp\/v2\/comments?post=2009"}],"version-history":[{"count":8,"href":"http:\/\/laferrugemsuites.com.br\/ferrugem\/wp-json\/wp\/v2\/pages\/2009\/revisions"}],"predecessor-version":[{"id":2044,"href":"http:\/\/laferrugemsuites.com.br\/ferrugem\/wp-json\/wp\/v2\/pages\/2009\/revisions\/2044"}],"wp:attachment":[{"href":"http:\/\/laferrugemsuites.com.br\/ferrugem\/wp-json\/wp\/v2\/media?parent=2009"}],"curies":[{"name":"wp","href":"https:\/\/api.w.org\/{rel}","templated":true}]}}