{"id":2084,"date":"2022-06-19T16:17:47","date_gmt":"2022-06-19T19:17:47","guid":{"rendered":"http:\/\/laferrugemsuites.com.br\/ferrugem\/?page_id=2084"},"modified":"2022-06-19T16:25:10","modified_gmt":"2022-06-19T19:25:10","slug":"politica-de-cancelamientos-de-reservas","status":"publish","type":"page","link":"http:\/\/laferrugemsuites.com.br\/ferrugem\/politica-de-cancelamientos-de-reservas\/","title":{"rendered":"Pol\u00edtica de cancelamentos de reservas"},"content":{"rendered":"<p>[vc_row][vc_column width=&#8221;1\/4&#8243;][vc_single_image image=&#8221;1948&#8243; img_size=&#8221;medium&#8221; alignment=&#8221;center&#8221;]<div style=\"background-color:; height: 5px;\" class=\"nicdark_section  \"><\/div>[vc_single_image image=&#8221;1947&#8243; img_size=&#8221;medium&#8221; alignment=&#8221;center&#8221;]<div style=\"background-color:; height: 5px;\" class=\"nicdark_section  \"><\/div>[vc_single_image image=&#8221;2030&#8243; img_size=&#8221;medium&#8221; alignment=&#8221;center&#8221;]<div style=\"background-color:; height: 5px;\" class=\"nicdark_section  \"><\/div>[\/vc_column][vc_column width=&#8221;3\/4&#8243;][vc_column_text]<b>TARIFA SITE (N\u00c3O REEMBOLS\u00c1VEL)<\/b><\/p>\n<p>&nbsp;<\/p>\n<p><b>Cancelamento at\u00e9 30 dias antes do check-in<br \/>\n<\/b><span style=\"font-weight: 400;\">100% do valor revertido em cr\u00e9ditos de hospedagem.<\/span><\/p>\n<p>&nbsp;<\/p>\n<p><b>Cancelamento at\u00e9 10 dias antes do check-in<br \/>\n<\/b><span style=\"font-weight: 400;\">70% do valor revertido em cr\u00e9ditos de hospedagem.<\/span><\/p>\n<p>&nbsp;<\/p>\n<p><span style=\"font-weight: 400;\">N\u00e3o ser\u00e3o revertidos em cr\u00e9ditos de hospedagem, os cancelamentos realizados com 10 dias ou menos antes da data do check-in.<\/span><\/p>\n<p>&nbsp;<\/p>\n<p>&nbsp;<\/p>\n<p><b>Cancelamento com menos de 7 dias para o check-in ou Ap\u00f3s a entrada<br \/>\n<\/b><span style=\"font-weight: 400;\">Se o pedido de cancelamento for com menos de 7 dias do check-in ou durante a sua hospedagem voc\u00ea desejar o check-out antecipado, o mesmo n\u00e3o ser\u00e1 pass\u00edvel de qualquer tipo de reembolso ou cr\u00e9dito de hospedagem.<\/span><\/p>\n<p>&nbsp;<\/p>\n<p><strong>IMPORTANTE<\/strong><span style=\"font-weight: 400;\"><br \/>\n<\/span><span style=\"font-weight: 400;\">A pol\u00edtica de cancelamento serve tamb\u00e9m como regra para pedidos de altera\u00e7\u00e3o de datas ou remarca\u00e7\u00e3o de reservas.<\/span><\/p>\n<p><span style=\"font-weight: 400;\">\u00a0<\/span><\/p>\n<p><b>POL\u00cdTICA DE CANCELAMENTO PARA CASOS RELACIONADOS AO NOVO CORONAV\u00cdRUS \/ COVID19<\/b><\/p>\n<p><span style=\"font-weight: 400;\">Para todas as reservas que forem canceladas pelo cliente, por estar positivado, por for\u00e7a da lei ou por decis\u00e3o do LaFerrugem Suites, visando a seguran\u00e7a dos h\u00f3spedes, clientes, colaboradores, fornecedores e seus familiares, garantimos:<\/span><\/p>\n<p>&nbsp;<\/p>\n<p><b>1<\/b><span style=\"font-weight: 400;\">\u00a0\u2013 Remarca\u00e7\u00e3o da reserva para per\u00edodo futuro respeitando a disponibilidade e per\u00edodo tarif\u00e1rio (se a altera\u00e7\u00e3o for para per\u00edodo tarif\u00e1rio diferente ou se houver qualquer outra modifica\u00e7\u00e3o em rela\u00e7\u00e3o a reserva inicial, o valor da reserva ser\u00e1 recalculado ficando o titular sujeito ao pagamento da diferen\u00e7a que existir);<\/span><\/p>\n<p>&nbsp;<\/p>\n<p><b>2<\/b><span style=\"font-weight: 400;\">\u00a0\u2013 Cancelamento: Emiss\u00e3o de carta de cr\u00e9dito no valor total pago pelo pacote que est\u00e1 sendo cancelado. O cr\u00e9dito de hospedagem poder\u00e1 ser utilizado como abatimento na compra de outros pacotes, respeitado o prazo para uso em at\u00e9 18 meses contados da declara\u00e7\u00e3o de encerramento do estado de calamidade p\u00fablica;<\/span><\/p>\n<p>&nbsp;<\/p>\n<p><b>3<\/b><span style=\"font-weight: 400;\">\u00a0\u2013 Ou, em caso de impossibilidade total de remarca\u00e7\u00e3o e utiliza\u00e7\u00e3o do cr\u00e9dito, seguiremos as diretrizes da LEI n\u00ba 14.046 de 24 de agosto de 2020 (MP 948\/2020). Para maiores informa\u00e7\u00f5es entre em contato pelo email laferrugem.adm@gmail.com ou no telefone (48) 99136-3814 entre 8h e 20h.<\/span><\/p>\n<p><span style=\"font-weight: 400;\">\u00a0<\/span><\/p>\n<p>&nbsp;<\/p>\n<p><b>D\u00daVIDAS FREQUENTES<\/b><\/p>\n<p><b>H\u00f3spedes que testarem positivo ao COVID antes da hospedagem:<\/b><\/p>\n<p><span style=\"font-weight: 400;\">Para h\u00f3spedes que testarem positivo ao Covid 19, a qualquer momento, antes da sua hospedagem, poder\u00e3o cancelar a sua estadia e ter\u00e3o 100% do valor revertido em cr\u00e9dito de hospedagem, mediante o envio do exame comprovando positivo.<\/span><\/p>\n<p>&nbsp;<\/p>\n<p><b>H\u00f3spedes que apresentarem sintomas durante a hospedagem:<\/b><\/p>\n<p><span style=\"font-weight: 400;\">Se durante a hospedagem o cliente come\u00e7ou a apresentar sintomas de Covid-19, fique tranquilo e consulte a recep\u00e7\u00e3o para receber mais orienta\u00e7\u00f5es.<\/span><\/p>\n<p>&nbsp;<\/p>\n<p><b>Caso o decreto municipal fa\u00e7a restri\u00e7\u00e3o da perman\u00eancia na praia no per\u00edodo da minha hospedagem, posso alterar minha reserva?<\/b><\/p>\n<p><span style=\"font-weight: 400;\">Se houver modifica\u00e7\u00f5es em rela\u00e7\u00e3o a novos decretos, n\u00f3s iremos contatar o titular da reserva pr\u00f3ximo a data do check-in para inform\u00e1-lo sobre as novas normas do decreto vigente. Nestes casos, o cliente poder\u00e1 alterar a data de sua estadia ou reverter 100% seu cr\u00e9dito em futura hospedagem.\u00a0<\/span><\/p>\n<p>&nbsp;<\/p>\n<p><b>*Todas as solicita\u00e7\u00f5es de cancelamento dever\u00e3o ser registradas atrav\u00e9s do e-mail Laferrugem.adm@gmail.com<\/b><span style=\"font-weight: 400;\">\u00a0<\/span><\/p>\n<p><span style=\"font-weight: 400;\">\u00a0<\/span><\/p>\n<p><span style=\"font-weight: 400;\">Para garantir uma estadia tranquila e segura, a Pousada LaFerrugem Suites adota a seguinte pol\u00edtica interna:<\/span><\/p>\n<p><b>Check in e Check out:<\/b><\/p>\n<p><span style=\"font-weight: 400;\">O\u00a0<\/span><b>Check in<\/b><span style=\"font-weight: 400;\">\u00a0pode ser realizado a partir das 14hrs. O\u00a0<\/span><b>Check out<\/b><span style=\"font-weight: 400;\">\u00a0deve ser efetivado at\u00e9 as 11hrs. Para antecipar o hor\u00e1rio de entrada ou adiar o de sa\u00edda consulte previamente valores e disponibilidade.<\/span><\/p>\n<p>&nbsp;<\/p>\n<p><b>Pagamentos:<\/b><\/p>\n<p><span style=\"font-weight: 400;\">O pagamento sempre e no check in, poder\u00e1 ser feito com dinheiro ou nos cart\u00f5es de d\u00e9bito e cr\u00e9dito habilitados ou mediante Pix ou deposito banc\u00e1rio nos dados informados no momento de confirma\u00e7\u00e3o da reserva.\u00a0<\/span><\/p>\n<p>&nbsp;<\/p>\n<p><b>Leito adicional:<\/b><\/p>\n<p><span style=\"font-weight: 400;\">\u00c9 permitido somente 01 (um) leito adicional em cada acomoda\u00e7\u00e3o, superada a capacidade m\u00e1xima de 4 pessoas x quarto. O valor adicional do leito varia de acordo com a data de hospedagem e idade do h\u00f3spede. Consulte a equipe LaFerrugem para mais informa\u00e7\u00f5es.<\/span><\/p>\n<p>&nbsp;<\/p>\n<p><span style=\"font-weight: 400;\">\u00a0<\/span><b>Pet Friendly:<\/b><\/p>\n<p><span style=\"font-weight: 400;\">Para hospedagem com animais de companhia* cobramos taxa \u00fanica de higieniza\u00e7\u00e3o da acomoda\u00e7\u00e3o no valor de R$ 40,00.<\/span><\/p>\n<p><span style=\"font-weight: 400;\"><br \/>\n<\/span><i><span style=\"font-weight: 400;\">* Permitido at\u00e9 2 animais de pequeno porte, com peso de at\u00e9 10kg cada.<\/span><\/i><span style=\"font-weight: 400;\"><br \/>\n<\/span><span style=\"font-weight: 400;\">Conhe\u00e7a a pol\u00edtica Pet Friendly completa CLICK AQUI poner link\u00a0<\/span><\/p>\n<p><span style=\"font-weight: 400;\">\u00a0<\/span><\/p>\n<p>&nbsp;<\/p>\n<p><b>Convidados:<\/b><\/p>\n<p><span style=\"font-weight: 400;\">\u2013 Durante a alta temporada (Dez ate Marco) ser\u00e1 permitida a visita de convidados e poder\u00e1 ser cobrado um Day Use quando a perman\u00eancia nas instala\u00e7\u00f5es seja maior a 1 hora ou se utilizem as instala\u00e7\u00f5es como churrasqueiras, piscina ou cozinha.<\/span><\/p>\n<p>&nbsp;<\/p>\n<p><span style=\"font-weight: 400;\">\u2013 Para receber convidados dentro da pousada \u00e9 solicitado pr\u00e9vio aviso na recep\u00e7\u00e3o;<\/span><\/p>\n<p><span style=\"font-weight: 400;\">\u2013 O hor\u00e1rio permitido para receber visitas \u00e9 das 11h \u00e0s 22h; no caso de ultrapassar esse hor\u00e1rio consultar na administra\u00e7\u00e3o.<\/span><\/p>\n<p>&nbsp;<\/p>\n<p><span style=\"font-weight: 400;\">\u2013 O convidado em sua chegada na Pousada, primeiramente dever\u00e1 passar e avisar na recep\u00e7\u00e3o para seu registro e identifica\u00e7\u00e3o.<\/span><\/p>\n<p>&nbsp;<\/p>\n<p><span style=\"font-weight: 400;\">\u2013 O n\u00famero de convidados ser\u00e1 conversado com a administra\u00e7\u00e3o.\u00a0<\/span><\/p>\n<p>&nbsp;<\/p>\n<p><b>Hor\u00e1rio de sil\u00eancio:<\/b><\/p>\n<p><span style=\"font-weight: 400;\">Para garantir a total tranquilidade e privacidade dos h\u00f3spedes, n\u00e3o ser\u00e1 permitido qualquer tipo de sonoriza\u00e7\u00e3o nos quartos e nas \u00e1reas comuns da Pousada, sob casos especiais de grupos feichados ou previa consulta com a administra\u00e7\u00e3o.\u00a0<\/span><\/p>\n<p><span style=\"font-weight: 400;\">Em casos de ocorr\u00eancia ou reclama\u00e7\u00e3o quanto \u00e0 perturba\u00e7\u00e3o a antecipa\u00e7\u00e3o da data de check out poder\u00e1 ser efetuada.<\/span><\/p>\n<p><span style=\"font-weight: 400;\"><br \/>\n<\/span><span style=\"font-weight: 400;\">*\u00a0Entre 22h e 8h o LaFerrugem Suites adota a lei do sil\u00eancio absoluto<\/span><i><span style=\"font-weight: 400;\">.<\/span><\/i><\/p>\n<p>&nbsp;<\/p>\n<p><b>Pol\u00edtica de Privacidade<\/b><\/p>\n<p><span style=\"font-weight: 400;\">\u00c9 pol\u00edtica deste site respeitar a sua privacidade em rela\u00e7\u00e3o a qualquer informa\u00e7\u00e3o sua que possamos coletar. Ao entrar em contato conosco atrav\u00e9s do nosso formul\u00e1rio de contato (nome, endere\u00e7o de e-mail, conte\u00fado da mensagem) bem como por e-mail ou telefone, seus dados ser\u00e3o fornecidos voluntariamente e com seu consentimento para processar a solicita\u00e7\u00e3o de contato. N\u00e3o compartilhamos informa\u00e7\u00f5es de identifica\u00e7\u00e3o pessoal publicamente ou com terceiros, exceto quando exigido por lei. O nosso site pode ter links para sites externos que n\u00e3o s\u00e3o operados por n\u00f3s. Portanto, n\u00e3o temos controle sobre o conte\u00fado e pr\u00e1ticas desses sites e n\u00e3o podemos aceitar responsabilidade por suas respectivas pol\u00edticas de privacidade. Voc\u00ea \u00e9 livre para recusar a nossa solicita\u00e7\u00e3o de informa\u00e7\u00f5es pessoais, entretanto, talvez n\u00e3o possamos fornecer alguns dos servi\u00e7os desejados.<\/span>[\/vc_column_text][\/vc_column][\/vc_row][vc_row css=&#8221;.vc_custom_1492511016596{margin-top: 40px !important;margin-bottom: 20px !important;}&#8221;][vc_column el_class=&#8221;nd_options_text_align_center&#8221;]\n\t<div class=\"nd_options_section nd_options_text_align_center\">\n\t<a style=\"border: 1px solid #7e7e7e; border-radius:px; letter-spacing:4px; line-height:11px; font-size:11px; background-color:; padding:15px 20px; margin:; color:;\" rel=\"\"  href=\"http:\/\/laferrugemsuites.com.br\/ferrugem\/a-pousada-laferrugem\/\" class=\"nicdark_display_inline_block  nd_options_font_weight_lighter nd_options_second_font nd_options_disable_lateral_border \">VER A POUSADA<\/a>\n\t<\/div>\n[\/vc_column][\/vc_row]<\/p>\n","protected":false},"excerpt":{"rendered":"<p>[vc_row][vc_column width=&#8221;1\/4&#8243;][vc_single_image image=&#8221;1948&#8243; img_size=&#8221;medium&#8221; alignment=&#8221;center&#8221;][vc_single_image image=&#8221;1947&#8243; img_size=&#8221;medium&#8221; alignment=&#8221;center&#8221;][vc_single_image image=&#8221;2030&#8243; img_size=&#8221;medium&#8221; alignment=&#8221;center&#8221;][\/vc_column][vc_column width=&#8221;3\/4&#8243;][vc_column_text]TARIFA SITE (N\u00c3O REEMBOLS\u00c1VEL) &nbsp; Cancelamento at\u00e9 30 dias antes do check-in 100% do valor revertido em cr\u00e9ditos de hospedagem. &nbsp; Cancelamento at\u00e9 10 dias antes do check-in 70% do valor revertido em cr\u00e9ditos de hospedagem. &nbsp; N\u00e3o ser\u00e3o revertidos em cr\u00e9ditos de hospedagem, [&hellip;]<\/p>\n","protected":false},"author":1,"featured_media":0,"parent":0,"menu_order":0,"comment_status":"closed","ping_status":"closed","template":"","meta":{"footnotes":""},"class_list":["post-2084","page","type-page","status-publish","hentry"],"_links":{"self":[{"href":"http:\/\/laferrugemsuites.com.br\/ferrugem\/wp-json\/wp\/v2\/pages\/2084","targetHints":{"allow":["GET"]}}],"collection":[{"href":"http:\/\/laferrugemsuites.com.br\/ferrugem\/wp-json\/wp\/v2\/pages"}],"about":[{"href":"http:\/\/laferrugemsuites.com.br\/ferrugem\/wp-json\/wp\/v2\/types\/page"}],"author":[{"embeddable":true,"href":"http:\/\/laferrugemsuites.com.br\/ferrugem\/wp-json\/wp\/v2\/users\/1"}],"replies":[{"embeddable":true,"href":"http:\/\/laferrugemsuites.com.br\/ferrugem\/wp-json\/wp\/v2\/comments?post=2084"}],"version-history":[{"count":7,"href":"http:\/\/laferrugemsuites.com.br\/ferrugem\/wp-json\/wp\/v2\/pages\/2084\/revisions"}],"predecessor-version":[{"id":2091,"href":"http:\/\/laferrugemsuites.com.br\/ferrugem\/wp-json\/wp\/v2\/pages\/2084\/revisions\/2091"}],"wp:attachment":[{"href":"http:\/\/laferrugemsuites.com.br\/ferrugem\/wp-json\/wp\/v2\/media?parent=2084"}],"curies":[{"name":"wp","href":"https:\/\/api.w.org\/{rel}","templated":true}]}}